{"id":1228,"date":"2019-06-07T11:49:40","date_gmt":"2019-06-07T11:49:40","guid":{"rendered":"https:\/\/canpaletpiteus.com\/politica-de-qualitat\/"},"modified":"2019-06-07T11:54:02","modified_gmt":"2019-06-07T11:54:02","slug":"politica-de-calidad","status":"publish","type":"page","link":"https:\/\/canpaletpiteus.com\/es\/politica-de-calidad\/","title":{"rendered":"Pol\u00edtica de calidad"},"content":{"rendered":"<div class=\"row\"  id=\"row-1723325558\">\n\n\t<div id=\"col-1827263638\" class=\"col small-12 large-12\"  >\n\t\t\t\t<div class=\"col-inner\"  >\n\t\t\t\n\t\t\t\n<h2>POLITICA DE CALIDAD E INOCUIDAD ALIMENTARIA DE VINOS Y CAVA PITEUS<\/h2>\n<p>En el a\u00f1o 1987 la Familia Canals compro la finca El Llobet, donde tenemos las vi\u00f1as m\u00e1s grandes, en el 1.992  iniciamos la comercializaci\u00f3n de nuestros vinos y cava con la firme voluntad de mejorar continuamente para ofrecer productos de la mejor calidad. A\u00f1o tras a\u00f1o hemos ido aumentando la producci\u00f3n y modernizando nuestros equipos, manteniendo el car\u00e1cter familiar de la empresa.<br \/>\nToda nuestra producci\u00f3n se realiza bas\u00e1ndonos en: la seguridad y legalidad conforme a la calidad especificada, los requisitos de nuestros clientes en materia de inocuidad y asumiendo nuestra responsabilidad frente a nuestros clientes. Para la consecuci\u00f3n de estos fines la empresa se concentrar\u00e1 en los siguientes objetivos: <\/p>\n<ul>\n<li>Garantizar el respeto a la normativa legal vigente que afecta a los productos fabricados y comercializados<\/li>\n<li>Garantizar el cumplimiento de los requisitos sobre inocuidad de los alimentos.<\/li>\n<li>Asegurar productos higi\u00e9nicamente seguros.<\/li>\n<li>Involucrar a todo el personal en una mejora continua, en el \u00e1mbito del sistema de Gesti\u00f3n de Calidad e inocuidad de los alimentos.<\/li>\n<li>Crear una cultura dentro de la organizaci\u00f3n que permita anticiparse a las necesidades, asumiendo como objetivos principales la satisfacci\u00f3n y expectativas de los clientes y la inocuidad de nuestros productos.<\/li>\n<\/ul>\n<p>Gerente<\/p>\n<p>Fecha: 5 de febrero del 2019<\/p>\n\t\t<\/div>\n\t\t\t\t\t<\/div>\n\n\t\n<\/div>\n","protected":false},"excerpt":{"rendered":"","protected":false},"author":1,"featured_media":0,"parent":0,"menu_order":0,"comment_status":"closed","ping_status":"closed","template":"","meta":{"footnotes":""},"class_list":["post-1228","page","type-page","status-publish","hentry"],"jetpack_shortlink":"https:\/\/wp.me\/PaRJzn-jO","jetpack_sharing_enabled":true,"_links":{"self":[{"href":"https:\/\/canpaletpiteus.com\/es\/wp-json\/wp\/v2\/pages\/1228","targetHints":{"allow":["GET"]}}],"collection":[{"href":"https:\/\/canpaletpiteus.com\/es\/wp-json\/wp\/v2\/pages"}],"about":[{"href":"https:\/\/canpaletpiteus.com\/es\/wp-json\/wp\/v2\/types\/page"}],"author":[{"embeddable":true,"href":"https:\/\/canpaletpiteus.com\/es\/wp-json\/wp\/v2\/users\/1"}],"replies":[{"embeddable":true,"href":"https:\/\/canpaletpiteus.com\/es\/wp-json\/wp\/v2\/comments?post=1228"}],"version-history":[{"count":2,"href":"https:\/\/canpaletpiteus.com\/es\/wp-json\/wp\/v2\/pages\/1228\/revisions"}],"predecessor-version":[{"id":1230,"href":"https:\/\/canpaletpiteus.com\/es\/wp-json\/wp\/v2\/pages\/1228\/revisions\/1230"}],"wp:attachment":[{"href":"https:\/\/canpaletpiteus.com\/es\/wp-json\/wp\/v2\/media?parent=1228"}],"curies":[{"name":"wp","href":"https:\/\/api.w.org\/{rel}","templated":true}]}}