{"id":1657,"date":"2019-10-09T11:42:58","date_gmt":"2019-10-09T09:42:58","guid":{"rendered":"https:\/\/canpaletpiteus.com\/?page_id=1657"},"modified":"2026-02-06T11:41:45","modified_gmt":"2026-02-06T10:41:45","slug":"alquiler-de-espacios","status":"publish","type":"page","link":"https:\/\/canpaletpiteus.com\/es\/alquiler-de-espacios\/","title":{"rendered":"Piteus Events"},"content":{"rendered":"<p class=\"jetpack-slideshow-noscript robots-nocontent\">El pase de diapositivas requiere JavaScript.<\/p><div id=\"gallery-1657-1-slideshow\" class=\"jetpack-slideshow-window jetpack-slideshow jetpack-slideshow-black\" data-trans=\"fade\" data-autostart=\"1\" data-gallery=\"[{&quot;src&quot;:&quot;https:\\\/\\\/canpaletpiteus.com\\\/wp-content\\\/uploads\\\/2026\\\/02\\\/PRODUCTES-PITEUS-2025-1-.jpg&quot;,&quot;id&quot;:&quot;4619&quot;,&quot;title&quot;:&quot;PRODUCTES PITEUS 2025 ( 1 )&quot;,&quot;alt&quot;:&quot;&quot;,&quot;caption&quot;:&quot;&quot;,&quot;itemprop&quot;:&quot;image&quot;},{&quot;src&quot;:&quot;https:\\\/\\\/canpaletpiteus.com\\\/wp-content\\\/uploads\\\/2026\\\/02\\\/blanc-i-rosat.jpg&quot;,&quot;id&quot;:&quot;4611&quot;,&quot;title&quot;:&quot;blanc i rosat&quot;,&quot;alt&quot;:&quot;&quot;,&quot;caption&quot;:&quot;&quot;,&quot;itemprop&quot;:&quot;image&quot;},{&quot;src&quot;:&quot;https:\\\/\\\/canpaletpiteus.com\\\/wp-content\\\/uploads\\\/2026\\\/02\\\/CAVA-1.jpg&quot;,&quot;id&quot;:&quot;4615&quot;,&quot;title&quot;:&quot;CAVA 1&quot;,&quot;alt&quot;:&quot;&quot;,&quot;caption&quot;:&quot;&quot;,&quot;itemprop&quot;:&quot;image&quot;},{&quot;src&quot;:&quot;https:\\\/\\\/canpaletpiteus.com\\\/wp-content\\\/uploads\\\/2026\\\/02\\\/PROMO-CAIXA-LES-ESTALLADES.jpg&quot;,&quot;id&quot;:&quot;4623&quot;,&quot;title&quot;:&quot;PROMO CAIXA LES ESTALLADES&quot;,&quot;alt&quot;:&quot;&quot;,&quot;caption&quot;:&quot;&quot;,&quot;itemprop&quot;:&quot;image&quot;},{&quot;src&quot;:&quot;https:\\\/\\\/canpaletpiteus.com\\\/wp-content\\\/uploads\\\/2026\\\/02\\\/VERMUTS-2025.jpg&quot;,&quot;id&quot;:&quot;4627&quot;,&quot;title&quot;:&quot;VERMUTS 2025&quot;,&quot;alt&quot;:&quot;&quot;,&quot;caption&quot;:&quot;&quot;,&quot;itemprop&quot;:&quot;image&quot;},{&quot;src&quot;:&quot;https:\\\/\\\/canpaletpiteus.com\\\/wp-content\\\/uploads\\\/2026\\\/02\\\/20251204_084328-1-scaled.jpg&quot;,&quot;id&quot;:&quot;4629&quot;,&quot;title&quot;:&quot;20251204_084328&quot;,&quot;alt&quot;:&quot;&quot;,&quot;caption&quot;:&quot;&quot;,&quot;itemprop&quot;:&quot;image&quot;},{&quot;src&quot;:&quot;https:\\\/\\\/canpaletpiteus.com\\\/wp-content\\\/uploads\\\/2026\\\/02\\\/20251204_091847-1.jpg&quot;,&quot;id&quot;:&quot;4653&quot;,&quot;title&quot;:&quot;20251204_091847&quot;,&quot;alt&quot;:&quot;&quot;,&quot;caption&quot;:&quot;&quot;,&quot;itemprop&quot;:&quot;image&quot;},{&quot;src&quot;:&quot;https:\\\/\\\/canpaletpiteus.com\\\/wp-content\\\/uploads\\\/2026\\\/02\\\/20251205_161400-1-scaled.jpg&quot;,&quot;id&quot;:&quot;4657&quot;,&quot;title&quot;:&quot;20251205_161400&quot;,&quot;alt&quot;:&quot;&quot;,&quot;caption&quot;:&quot;&quot;,&quot;itemprop&quot;:&quot;image&quot;},{&quot;src&quot;:&quot;https:\\\/\\\/canpaletpiteus.com\\\/wp-content\\\/uploads\\\/2026\\\/02\\\/IMG-20251204-WA0015-1.jpg&quot;,&quot;id&quot;:&quot;4661&quot;,&quot;title&quot;:&quot;IMG-20251204-WA0015&quot;,&quot;alt&quot;:&quot;&quot;,&quot;caption&quot;:&quot;&quot;,&quot;itemprop&quot;:&quot;image&quot;},{&quot;src&quot;:&quot;https:\\\/\\\/canpaletpiteus.com\\\/wp-content\\\/uploads\\\/2026\\\/02\\\/20251204_085947-1.jpg&quot;,&quot;id&quot;:&quot;4641&quot;,&quot;title&quot;:&quot;20251204_085947&quot;,&quot;alt&quot;:&quot;&quot;,&quot;caption&quot;:&quot;&quot;,&quot;itemprop&quot;:&quot;image&quot;},{&quot;src&quot;:&quot;https:\\\/\\\/canpaletpiteus.com\\\/wp-content\\\/uploads\\\/2026\\\/02\\\/20251204_084626-1.jpg&quot;,&quot;id&quot;:&quot;4633&quot;,&quot;title&quot;:&quot;20251204_084626&quot;,&quot;alt&quot;:&quot;&quot;,&quot;caption&quot;:&quot;&quot;,&quot;itemprop&quot;:&quot;image&quot;},{&quot;src&quot;:&quot;https:\\\/\\\/canpaletpiteus.com\\\/wp-content\\\/uploads\\\/2026\\\/02\\\/20251204_085714-1.jpg&quot;,&quot;id&quot;:&quot;4637&quot;,&quot;title&quot;:&quot;20251204_085714&quot;,&quot;alt&quot;:&quot;&quot;,&quot;caption&quot;:&quot;&quot;,&quot;itemprop&quot;:&quot;image&quot;},{&quot;src&quot;:&quot;https:\\\/\\\/canpaletpiteus.com\\\/wp-content\\\/uploads\\\/2026\\\/02\\\/20251204_090026-1.jpg&quot;,&quot;id&quot;:&quot;4645&quot;,&quot;title&quot;:&quot;20251204_090026&quot;,&quot;alt&quot;:&quot;&quot;,&quot;caption&quot;:&quot;&quot;,&quot;itemprop&quot;:&quot;image&quot;},{&quot;src&quot;:&quot;https:\\\/\\\/canpaletpiteus.com\\\/wp-content\\\/uploads\\\/2026\\\/02\\\/20251204_091152-1.jpg&quot;,&quot;id&quot;:&quot;4649&quot;,&quot;title&quot;:&quot;20251204_091152&quot;,&quot;alt&quot;:&quot;&quot;,&quot;caption&quot;:&quot;&quot;,&quot;itemprop&quot;:&quot;image&quot;},{&quot;src&quot;:&quot;https:\\\/\\\/canpaletpiteus.com\\\/wp-content\\\/uploads\\\/2026\\\/02\\\/IMG-20251204-WA0016-1.jpg&quot;,&quot;id&quot;:&quot;4665&quot;,&quot;title&quot;:&quot;IMG-20251204-WA0016&quot;,&quot;alt&quot;:&quot;&quot;,&quot;caption&quot;:&quot;&quot;,&quot;itemprop&quot;:&quot;image&quot;},{&quot;src&quot;:&quot;https:\\\/\\\/canpaletpiteus.com\\\/wp-content\\\/uploads\\\/2026\\\/02\\\/IMG-20251204-WA0017-1.jpg&quot;,&quot;id&quot;:&quot;4669&quot;,&quot;title&quot;:&quot;IMG-20251204-WA0017&quot;,&quot;alt&quot;:&quot;&quot;,&quot;caption&quot;:&quot;&quot;,&quot;itemprop&quot;:&quot;image&quot;}]\" itemscope itemtype=\"https:\/\/schema.org\/ImageGallery\"><\/div>\n<p>&nbsp;<\/p>\n<p>&nbsp;<\/p>\n<p>&nbsp;<\/p>\n<p class=\"jetpack-slideshow-noscript robots-nocontent\">El pase de diapositivas requiere JavaScript.<\/p><div id=\"gallery-1657-2-slideshow\" class=\"jetpack-slideshow-window jetpack-slideshow jetpack-slideshow-black\" data-trans=\"fade\" data-autostart=\"1\" data-gallery=\"[{&quot;src&quot;:&quot;https:\\\/\\\/canpaletpiteus.com\\\/wp-content\\\/uploads\\\/2023\\\/03\\\/1635260623060.jpg&quot;,&quot;id&quot;:&quot;2802&quot;,&quot;title&quot;:&quot;1635260623060&quot;,&quot;alt&quot;:&quot;&quot;,&quot;caption&quot;:&quot;&quot;,&quot;itemprop&quot;:&quot;image&quot;},{&quot;src&quot;:&quot;https:\\\/\\\/canpaletpiteus.com\\\/wp-content\\\/uploads\\\/2019\\\/10\\\/IMG-20191006-WA0014.jpg&quot;,&quot;id&quot;:&quot;1641&quot;,&quot;title&quot;:&quot;IMG-20191006-WA0014&quot;,&quot;alt&quot;:&quot;&quot;,&quot;caption&quot;:&quot;&quot;,&quot;itemprop&quot;:&quot;image&quot;},{&quot;src&quot;:&quot;https:\\\/\\\/canpaletpiteus.com\\\/wp-content\\\/uploads\\\/2023\\\/03\\\/CATA-CELLER.jpg&quot;,&quot;id&quot;:&quot;2820&quot;,&quot;title&quot;:&quot;CATA CELLER&quot;,&quot;alt&quot;:&quot;&quot;,&quot;caption&quot;:&quot;&quot;,&quot;itemprop&quot;:&quot;image&quot;},{&quot;src&quot;:&quot;https:\\\/\\\/canpaletpiteus.com\\\/wp-content\\\/uploads\\\/2019\\\/08\\\/enoturismo.jpg&quot;,&quot;id&quot;:&quot;1575&quot;,&quot;title&quot;:&quot;enoturismo&quot;,&quot;alt&quot;:&quot;&quot;,&quot;caption&quot;:&quot;&quot;,&quot;itemprop&quot;:&quot;image&quot;},{&quot;src&quot;:&quot;https:\\\/\\\/canpaletpiteus.com\\\/wp-content\\\/uploads\\\/2019\\\/10\\\/IMG-20191009-WA0017.jpg&quot;,&quot;id&quot;:&quot;1699&quot;,&quot;title&quot;:&quot;IMG-20191009-WA0017&quot;,&quot;alt&quot;:&quot;&quot;,&quot;caption&quot;:&quot;&quot;,&quot;itemprop&quot;:&quot;image&quot;},{&quot;src&quot;:&quot;https:\\\/\\\/canpaletpiteus.com\\\/wp-content\\\/uploads\\\/2019\\\/10\\\/IMG-20191006-WA0000.jpg&quot;,&quot;id&quot;:&quot;1621&quot;,&quot;title&quot;:&quot;IMG-20191006-WA0000&quot;,&quot;alt&quot;:&quot;&quot;,&quot;caption&quot;:&quot;&quot;,&quot;itemprop&quot;:&quot;image&quot;},{&quot;src&quot;:&quot;https:\\\/\\\/canpaletpiteus.com\\\/wp-content\\\/uploads\\\/2023\\\/03\\\/ESMORZAR.jpg&quot;,&quot;id&quot;:&quot;2823&quot;,&quot;title&quot;:&quot;ESMORZAR&quot;,&quot;alt&quot;:&quot;&quot;,&quot;caption&quot;:&quot;&quot;,&quot;itemprop&quot;:&quot;image&quot;},{&quot;src&quot;:&quot;https:\\\/\\\/canpaletpiteus.com\\\/wp-content\\\/uploads\\\/2019\\\/10\\\/IMG-20191006-WA0011.jpg&quot;,&quot;id&quot;:&quot;1637&quot;,&quot;title&quot;:&quot;IMG-20191006-WA0011&quot;,&quot;alt&quot;:&quot;&quot;,&quot;caption&quot;:&quot;&quot;,&quot;itemprop&quot;:&quot;image&quot;},{&quot;src&quot;:&quot;https:\\\/\\\/canpaletpiteus.com\\\/wp-content\\\/uploads\\\/2019\\\/10\\\/IMG-20191006-WA0018.jpg&quot;,&quot;id&quot;:&quot;1645&quot;,&quot;title&quot;:&quot;IMG-20191006-WA0018&quot;,&quot;alt&quot;:&quot;&quot;,&quot;caption&quot;:&quot;&quot;,&quot;itemprop&quot;:&quot;image&quot;},{&quot;src&quot;:&quot;https:\\\/\\\/canpaletpiteus.com\\\/wp-content\\\/uploads\\\/2019\\\/10\\\/IMG-20191009-WA0019.jpg&quot;,&quot;id&quot;:&quot;1701&quot;,&quot;title&quot;:&quot;IMG-20191009-WA0019&quot;,&quot;alt&quot;:&quot;&quot;,&quot;caption&quot;:&quot;&quot;,&quot;itemprop&quot;:&quot;image&quot;},{&quot;src&quot;:&quot;https:\\\/\\\/canpaletpiteus.com\\\/wp-content\\\/uploads\\\/2019\\\/10\\\/IMG-20191006-WA0004-1.jpg&quot;,&quot;id&quot;:&quot;1625&quot;,&quot;title&quot;:&quot;IMG-20191006-WA0004 (1)&quot;,&quot;alt&quot;:&quot;&quot;,&quot;caption&quot;:&quot;&quot;,&quot;itemprop&quot;:&quot;image&quot;},{&quot;src&quot;:&quot;https:\\\/\\\/canpaletpiteus.com\\\/wp-content\\\/uploads\\\/2019\\\/10\\\/IMG-20191006-WA0007.jpg&quot;,&quot;id&quot;:&quot;1631&quot;,&quot;title&quot;:&quot;IMG-20191006-WA0007&quot;,&quot;alt&quot;:&quot;&quot;,&quot;caption&quot;:&quot;&quot;,&quot;itemprop&quot;:&quot;image&quot;},{&quot;src&quot;:&quot;https:\\\/\\\/canpaletpiteus.com\\\/wp-content\\\/uploads\\\/2019\\\/10\\\/IMG-20191006-WA0009.jpg&quot;,&quot;id&quot;:&quot;1635&quot;,&quot;title&quot;:&quot;IMG-20191006-WA0009&quot;,&quot;alt&quot;:&quot;&quot;,&quot;caption&quot;:&quot;&quot;,&quot;itemprop&quot;:&quot;image&quot;},{&quot;src&quot;:&quot;https:\\\/\\\/canpaletpiteus.com\\\/wp-content\\\/uploads\\\/2019\\\/10\\\/IMG-20191006-WA0006.jpg&quot;,&quot;id&quot;:&quot;1629&quot;,&quot;title&quot;:&quot;IMG-20191006-WA0006&quot;,&quot;alt&quot;:&quot;&quot;,&quot;caption&quot;:&quot;&quot;,&quot;itemprop&quot;:&quot;image&quot;},{&quot;src&quot;:&quot;https:\\\/\\\/canpaletpiteus.com\\\/wp-content\\\/uploads\\\/2019\\\/10\\\/IMG-20191006-WA0021.jpg&quot;,&quot;id&quot;:&quot;1649&quot;,&quot;title&quot;:&quot;IMG-20191006-WA0021&quot;,&quot;alt&quot;:&quot;&quot;,&quot;caption&quot;:&quot;&quot;,&quot;itemprop&quot;:&quot;image&quot;},{&quot;src&quot;:&quot;https:\\\/\\\/canpaletpiteus.com\\\/wp-content\\\/uploads\\\/2019\\\/07\\\/IMG-20190608-WA0042.jpg&quot;,&quot;id&quot;:&quot;1312&quot;,&quot;title&quot;:&quot;IMG-20190608-WA0042&quot;,&quot;alt&quot;:&quot;&quot;,&quot;caption&quot;:&quot;&quot;,&quot;itemprop&quot;:&quot;image&quot;},{&quot;src&quot;:&quot;https:\\\/\\\/canpaletpiteus.com\\\/wp-content\\\/uploads\\\/2019\\\/10\\\/IMG-20191006-WA0001.jpg&quot;,&quot;id&quot;:&quot;1623&quot;,&quot;title&quot;:&quot;IMG-20191006-WA0001&quot;,&quot;alt&quot;:&quot;&quot;,&quot;caption&quot;:&quot;&quot;,&quot;itemprop&quot;:&quot;image&quot;},{&quot;src&quot;:&quot;https:\\\/\\\/canpaletpiteus.com\\\/wp-content\\\/uploads\\\/2019\\\/07\\\/IMG-20190618-WA0044.jpg&quot;,&quot;id&quot;:&quot;1324&quot;,&quot;title&quot;:&quot;IMG-20190618-WA0044&quot;,&quot;alt&quot;:&quot;&quot;,&quot;caption&quot;:&quot;&quot;,&quot;itemprop&quot;:&quot;image&quot;},{&quot;src&quot;:&quot;https:\\\/\\\/canpaletpiteus.com\\\/wp-content\\\/uploads\\\/2023\\\/03\\\/IMG-20230226-WA0001.jpg&quot;,&quot;id&quot;:&quot;2838&quot;,&quot;title&quot;:&quot;IMG-20230226-WA0001&quot;,&quot;alt&quot;:&quot;&quot;,&quot;caption&quot;:&quot;&quot;,&quot;itemprop&quot;:&quot;image&quot;},{&quot;src&quot;:&quot;https:\\\/\\\/canpaletpiteus.com\\\/wp-content\\\/uploads\\\/2023\\\/03\\\/IMG-20230226-WA0002.jpg&quot;,&quot;id&quot;:&quot;2841&quot;,&quot;title&quot;:&quot;IMG-20230226-WA0002&quot;,&quot;alt&quot;:&quot;&quot;,&quot;caption&quot;:&quot;&quot;,&quot;itemprop&quot;:&quot;image&quot;},{&quot;src&quot;:&quot;https:\\\/\\\/canpaletpiteus.com\\\/wp-content\\\/uploads\\\/2023\\\/03\\\/FOTO-VISTES-TAULES.jpg&quot;,&quot;id&quot;:&quot;2829&quot;,&quot;title&quot;:&quot;FOTO VISTES TAULES&quot;,&quot;alt&quot;:&quot;&quot;,&quot;caption&quot;:&quot;&quot;,&quot;itemprop&quot;:&quot;image&quot;},{&quot;src&quot;:&quot;https:\\\/\\\/canpaletpiteus.com\\\/wp-content\\\/uploads\\\/2023\\\/03\\\/FOTO-VERMUT-PATI.jpg&quot;,&quot;id&quot;:&quot;2826&quot;,&quot;title&quot;:&quot;FOTO VERMUT PATI&quot;,&quot;alt&quot;:&quot;&quot;,&quot;caption&quot;:&quot;&quot;,&quot;itemprop&quot;:&quot;image&quot;},{&quot;src&quot;:&quot;https:\\\/\\\/canpaletpiteus.com\\\/wp-content\\\/uploads\\\/2023\\\/03\\\/1643294323482.jpg&quot;,&quot;id&quot;:&quot;2817&quot;,&quot;title&quot;:&quot;1643294323482&quot;,&quot;alt&quot;:&quot;&quot;,&quot;caption&quot;:&quot;&quot;,&quot;itemprop&quot;:&quot;image&quot;},{&quot;src&quot;:&quot;https:\\\/\\\/canpaletpiteus.com\\\/wp-content\\\/uploads\\\/2023\\\/03\\\/1635260623120.jpg&quot;,&quot;id&quot;:&quot;2805&quot;,&quot;title&quot;:&quot;1635260623120&quot;,&quot;alt&quot;:&quot;&quot;,&quot;caption&quot;:&quot;&quot;,&quot;itemprop&quot;:&quot;image&quot;},{&quot;src&quot;:&quot;https:\\\/\\\/canpaletpiteus.com\\\/wp-content\\\/uploads\\\/2023\\\/03\\\/1643294323445.jpg&quot;,&quot;id&quot;:&quot;2808&quot;,&quot;title&quot;:&quot;1643294323445&quot;,&quot;alt&quot;:&quot;&quot;,&quot;caption&quot;:&quot;&quot;,&quot;itemprop&quot;:&quot;image&quot;},{&quot;src&quot;:&quot;https:\\\/\\\/canpaletpiteus.com\\\/wp-content\\\/uploads\\\/2023\\\/03\\\/1643294323458.jpg&quot;,&quot;id&quot;:&quot;2811&quot;,&quot;title&quot;:&quot;1643294323458&quot;,&quot;alt&quot;:&quot;&quot;,&quot;caption&quot;:&quot;&quot;,&quot;itemprop&quot;:&quot;image&quot;},{&quot;src&quot;:&quot;https:\\\/\\\/canpaletpiteus.com\\\/wp-content\\\/uploads\\\/2023\\\/03\\\/1643294323470.jpg&quot;,&quot;id&quot;:&quot;2814&quot;,&quot;title&quot;:&quot;1643294323470&quot;,&quot;alt&quot;:&quot;&quot;,&quot;caption&quot;:&quot;&quot;,&quot;itemprop&quot;:&quot;image&quot;},{&quot;src&quot;:&quot;https:\\\/\\\/canpaletpiteus.com\\\/wp-content\\\/uploads\\\/2023\\\/03\\\/1635260623037.jpg&quot;,&quot;id&quot;:&quot;2799&quot;,&quot;title&quot;:&quot;1635260623037&quot;,&quot;alt&quot;:&quot;&quot;,&quot;caption&quot;:&quot;&quot;,&quot;itemprop&quot;:&quot;image&quot;}]\" itemscope itemtype=\"https:\/\/schema.org\/ImageGallery\"><\/div>\n<p>&nbsp;<\/p>\n<h1 style=\"text-align: center;\"><strong>Alquiler de espacios. Piteus Events<\/strong><\/h1>\n<p>&nbsp;<\/p>\n<p style=\"text-align: center;\">Confortable sala para celebraciones familiares o de amigos, eventos o peque\u00f1as bodas.<\/p>\n<p style=\"text-align: center;\">Sala grande capacidad para 40 personas. Sala Bodega capacidad para 25 personas.<\/p>\n<p style=\"text-align: center;\">Disponemos de espacios exteriores muy grandes para hacer todo tipo de actividades y tambi\u00e9n con la posibilidad de poder comer. Capacidad 100 personas<\/p>\n<p style=\"text-align: center;\">Servicio de catering. Sala de Juegos.<\/p>\n<p style=\"text-align: center;\">Os ofrecemos actividades diversas como Enoturismo,\u00a0 Senderismo , Salidas en bicicleta.<\/p>\n<p style=\"text-align: center;\">Situaci\u00f3n Mas\u00eda Piteus Events : Carretera C-55 km 57,7 a 5 minutos del pueblo de Cardona . A una hora de Barcelona .<\/p>\n<p style=\"text-align: center;\">Para m\u00e1s informaci\u00f3n se pueden poner en contacto por tel\u00e9fono ( <strong>687441889 \/ 620259072 Margarita<\/strong> ) o por email\u00a0 (<strong>canpaletpiteus@gmail.com<\/strong> )<\/p>\n<p>&nbsp;<\/p>\n<p>&nbsp;<\/p>\n<p>&nbsp;<\/p>\n","protected":false},"excerpt":{"rendered":"<p>&nbsp; &nbsp; &nbsp; &nbsp; Alquiler de espacios. Piteus Events &nbsp; Confortable sala para celebraciones familiares o de amigos, eventos o peque\u00f1as bodas. Sala grande capacidad para 40 personas. Sala Bodega capacidad para 25 personas. Disponemos de espacios exteriores muy grandes para hacer todo tipo de actividades y tambi\u00e9n con la posibilidad de poder comer. Capacidad [&#8230;]\n","protected":false},"author":2,"featured_media":0,"parent":0,"menu_order":0,"comment_status":"closed","ping_status":"closed","template":"","meta":{"footnotes":""},"class_list":["post-1657","page","type-page","status-publish","hentry"],"jetpack_shortlink":"https:\/\/wp.me\/PaRJzn-qJ","jetpack_sharing_enabled":true,"_links":{"self":[{"href":"https:\/\/canpaletpiteus.com\/es\/wp-json\/wp\/v2\/pages\/1657","targetHints":{"allow":["GET"]}}],"collection":[{"href":"https:\/\/canpaletpiteus.com\/es\/wp-json\/wp\/v2\/pages"}],"about":[{"href":"https:\/\/canpaletpiteus.com\/es\/wp-json\/wp\/v2\/types\/page"}],"author":[{"embeddable":true,"href":"https:\/\/canpaletpiteus.com\/es\/wp-json\/wp\/v2\/users\/2"}],"replies":[{"embeddable":true,"href":"https:\/\/canpaletpiteus.com\/es\/wp-json\/wp\/v2\/comments?post=1657"}],"version-history":[{"count":12,"href":"https:\/\/canpaletpiteus.com\/es\/wp-json\/wp\/v2\/pages\/1657\/revisions"}],"predecessor-version":[{"id":4677,"href":"https:\/\/canpaletpiteus.com\/es\/wp-json\/wp\/v2\/pages\/1657\/revisions\/4677"}],"wp:attachment":[{"href":"https:\/\/canpaletpiteus.com\/es\/wp-json\/wp\/v2\/media?parent=1657"}],"curies":[{"name":"wp","href":"https:\/\/api.w.org\/{rel}","templated":true}]}}