{"id":2009,"date":"2020-10-22T11:20:04","date_gmt":"2020-10-22T09:20:04","guid":{"rendered":"https:\/\/canpaletpiteus.com\/?page_id=2009"},"modified":"2020-10-22T11:20:04","modified_gmt":"2020-10-22T09:20:04","slug":"politica-de-venta-entrega-y-devolucion","status":"publish","type":"page","link":"https:\/\/canpaletpiteus.com\/es\/politica-de-venta-entrega-y-devolucion\/","title":{"rendered":"Pol\u00edtica de venta, entrega y devoluci\u00f3n"},"content":{"rendered":"<p>El presente documento tiene por objeto establecer las Condiciones Generales de Uso y las Condiciones Generales de Venta y devoluciones de la p\u00e1gina web de venta online canpaletpiteus.cat y de todos sus sub-dominios.<\/p>\n<p><strong>Identidad de las partes:<\/strong><\/p>\n<p>Las condiciones generales de venta descritas a continuaci\u00f3n (en adelante Condiciones generales de venta), rigen exclusivamente las relaciones contractuales entre todo usuario de la p\u00e1gina Web canpaletpiteuscat (denominado en lo sucesivo \u201cUsuario\u201d) y el vendedor, que es S.A.T. 1005 CAT VALL DEL RIU, empresa domiciliada en MASIA CAN PALET S\/N &#8211; APARTADO DE CORREOS N\u00ba 70 (08740 ) SANT ANDREU DE LA BARCA N.I.F. F-58581570. Constituida en fecha 6 de mayo del 1988 como Sociedad Agraria de Transformaci\u00f3n , adaptada y sujeta al Decreto 199\/2013 del 23 de julio ( DOGC n\u00fam. 6425-25.7.2013 )<\/p>\n<h3>Realizaci\u00f3n de su pedido:<\/h3>\n<ul>\n<li>Es requisito indispensable ser mayor de edad para poder realizar una compra en canpaletpiteuscat .<\/li>\n<li>Es requisito necesario que en el registro nos facilites: un tel\u00e9fono de contacto m\u00f3vil o fijo, una direcci\u00f3n de correo electr\u00f3nico, un nombre y apellido, la direcci\u00f3n de env\u00edo completa (con el c\u00f3digo postal, la poblaci\u00f3n, la provincia y el pa\u00eds)<\/li>\n<li>Los medios de contacto que utilizaremos para mandarte las notificaciones sobre tu pedido ser\u00e1n principalmente el correo electr\u00f3nico aunque en ocasiones tambi\u00e9n podemos utilizar el tel\u00e9fono .<\/li>\n<li>Las condiciones de uso y compra de esta p\u00e1gina web S\u00d3LO son v\u00e1lidas para compras realizadas en Espa\u00f1a, dentro de la Pen\u00ednsula Ib\u00e9rica.<\/li>\n<li>Si aceptamos tu pedido, recibir\u00e1s en tu correo electr\u00f3nico con nuestra aceptaci\u00f3n emitiendo una Confirmaci\u00f3n de Pedido. Esta Confirmaci\u00f3n de Pedido ser\u00e1 efectiva desde su env\u00edo.<\/li>\n<\/ul>\n<h3>Precios:<\/h3>\n<ul>\n<li>S.A.T. 1005 CAT VALL DEL RIU enviar\u00e1 un recibo que se recibir\u00e1 junto con el pedido. Este recibo se emitir\u00e1 a nombre de la persona f\u00edsica o empresa que ha realizado el pedido, por lo que los clientes deber\u00e1n asegurarse de escribir el nombre correcto. El producto o productos se enviar\u00e1n seg\u00fan lo escogido por el cliente.<\/li>\n<li>Una vez realizada la compra , dentro del plazo de 24 horas, S.A.T. 1005 CAT VALL DEL RIU enviar\u00e1 a los clientes un email con la confirmaci\u00f3n del pedido que informar\u00e1 del resumen de la compra, del pago y del env\u00edo.<\/li>\n<li>Nos reservamos el derecho de modificar nuestros precios en cualquier momento.<br \/>\nLos gastos de env\u00edo, cuando corresponda, son a cargo del usuario, tal como se indica en el pedido y factura.<\/li>\n<li>El precio de los productos incluye el I.V.A correspondiente y ser\u00e1 el que se indique en su pedido y\/o factura.<\/li>\n<\/ul>\n<h3>Disponibilidad:<\/h3>\n<ul>\n<li>El producto solicitado por el cliente podr\u00eda estar agotado en ese momento. En tal caso, S.A.T. 1005 CAT VALL DEL RIU remitir\u00e1 un e-mail al cliente inform\u00e1ndole de la imposibilidad de dar cumplimiento al pedido.<\/li>\n<\/ul>\n<h3>Suministro de su pedido:<\/h3>\n<ul>\n<li>El horario de recepci\u00f3n de pedidos es de veinticuatro (24) horas los trescientos sesenta y cinco (365) d\u00edas del a\u00f1o.<\/li>\n<li>Los pedidos recibidos durante el fin de semana ser\u00e1n procesados a primera hora del lunes siguiente, o primer d\u00eda h\u00e1bil.<\/li>\n<li>El plazo entre la realizaci\u00f3n del pedido y la fecha del primer intento de entrega por parte de la empresa de transportes es de 24\/48 horas , el plazo de entrega de su pedido depender\u00e1 de la empresa de transportes, siempre en d\u00edas h\u00e1biles.<\/li>\n<\/ul>\n<h3>Pago de su\/s pedido\/s:<\/h3>\n<p><strong>Todos los pagos se realizar\u00e1n en euros.<\/strong><\/p>\n<p>A) Pago con tarjeta de cr\u00e9dito\/d\u00e9bito: Si opta por el pago con tarjeta, su pedido no podr\u00e1 tenerse en cuenta y no ser\u00e1 tramitado hasta que el pago haya sido autorizado por su banco o caja. El pago en l\u00ednea con tarjeta de cr\u00e9dito se realiza a trav\u00e9s del sistema de seguridad \u201cSecure Socket Layer\u201d, que codifica sus datos bancarios cuando son transmitidos por internet.<br \/>\nPor razones de seguridad, S.A.T. 1005 CAT VALL DEL RIU verifica todos los pedidos pagados con tarjeta bancaria.<\/p>\n<p>Los datos facilitados no se utilizar\u00e1n bajo ninguna circunstancia con otro fin que los espec\u00edficamente aqu\u00ed mencionados. En ning\u00fan caso ser\u00e1n cedidos a terceros y solo podr\u00e1n ser utilizados por S.A.T. 1005 CAT VALL DEL RIU y s\u00f3lo para realizar las compras que usted solicite. Nuestro servidor seguro te garantiza la privacidad de los datos que nos transmites. Dicha privacidad se consigue mediante el protocolo SSL, encriptando los datos enviados mediante el sistema de cifrado RSA, cuando est\u00e1 ubicado en una zona segura de un navegador. Tu navegador, colaborando con el servidor seguro, encripta los datos de forma que si otra persona, en el proceso de transmisi\u00f3n, consigue apropiarse de \u00e9stos, no podr\u00e1 leerlos ya que no dispone de la clave necesaria. Puedes comprobar que tu navegador es seguro si aparecen los distintivos de seguridad, como una llave o un candado.<\/p>\n<p>B) Por transferencia bancaria: Si paga usted mediante trasferencia\/Ingreso en cuenta, se le enviar\u00e1 una petici\u00f3n de pago por correo electr\u00f3nico con el n\u00famero de cuenta bancaria para realizar el pago. Su pedido no se reservar\u00e1 ni enviar\u00e1 hasta haber recibido nosotros el pago en nuestra cuenta bancaria. De no recibir el pago por el importe \u00edntegro en el plazo de 7 d\u00edas de la fecha de su pedido, \u00e9ste podr\u00e1 ser cancelado.<\/p>\n<h3>Entrega de su pedido:<\/h3>\n<ul>\n<li>El pedido ser\u00e1 enviado a la direcci\u00f3n que indic\u00f3 en el momento en el que hizo su compra en canpaletpiteus.cat .<\/li>\n<li>Usted puede cancelar su pedido en cualquier momento antes del env\u00edo del mismo enviando un email a info@canpaletpiteus.cat indicando su n\u00famero de pedido.<\/li>\n<li>Las entregas se realizan, en el plazo m\u00e1s r\u00e1pido posible.<\/li>\n<\/ul>\n<h3>Art\u00edculo defectuoso:<\/h3>\n<ul>\n<li>Si el art\u00edculo que has recibido es defectuoso, contacta con 620259072 \/ 687441889 especificando tu n\u00famero de pedido, tu nombre y direcci\u00f3n, los detalles del producto y la raz\u00f3n de la devoluci\u00f3n, as\u00ed como si solicitas un reembolso o un cambio. Despu\u00e9s, te diremos c\u00f3mo proceder con la devoluci\u00f3n.<\/li>\n<\/ul>\n<h3>Recibir un art\u00edculo equivocado:<\/h3>\n<ul>\n<li>Si el art\u00edculo que has recibido no es el que solicitaste en un principio, contacta con 620259072 \/ 687441889 especificando tu n\u00famero de pedido, tu nombre y direcci\u00f3n, los detalles del producto y la raz\u00f3n de la devoluci\u00f3n, as\u00ed como si solicitas un reembolso o un cambio. Despu\u00e9s, te diremos c\u00f3mo proceder con la devoluci\u00f3n.<br \/>\nS.A.T. 1005 CAT VALL DEL RIU correr\u00e1 con los gastos de recogida del producto equivocado y entrega del correspondiente al del pedido realizado.<\/li>\n<li>No se aceptar\u00e1n devoluciones de:<\/li>\n<li>Productos con el precinto de apertura o embalaje abierto o da\u00f1ado.<\/li>\n<li>Productos en los que se aprecie una manipulaci\u00f3n o limpieza inadecuada.<\/li>\n<li>Los gastos de env\u00edo, el seguro y los desperfectos que pudiera sufrir durante el transporte, correr\u00e1n a cargo del Cliente.<\/li>\n<\/ul>\n<h3>Solicitar cancelaciones:<\/h3>\n<p>Seg\u00fan las Regulaciones de Env\u00edo a Distancia, tienes derecho a cancelar el pedido de cualquier art\u00edculo comprado en S.A.T. 1005 CAT VALL DEL RIU, con un reembolso completo.<br \/>\nLos pedidos de cancelaci\u00f3n deben realizarse por escrito a info@canpaletpiteus.cat, especificando tu n\u00famero de pedido, dentro de un plazo entre 7 y 14 d\u00edas laborables siguientes a la recepci\u00f3n de los art\u00edculos.<br \/>\nPara cancelar tu pedido env\u00eda un email a info@canpaletpiteus.cat<br \/>\nPara cancelar el pedido de env\u00edo que se efectuar\u00e1 el d\u00eda siguiente ll\u00e1menos a 620259072 \/ 687441889<\/p>\n<h3>\n<strong>Devolver o cambiar un art\u00edculo:<\/strong><\/h3>\n<ul>\n<li>Si no est\u00e1s completamente satisfecho con tu compra, simplemente devu\u00e9lvenos el art\u00edculo o art\u00edculos en sus condiciones originales durante los 7 d\u00edas posteriores a la recepci\u00f3n. Nosotros enviaremos un recibo de reembolso, o cambiaremos el art\u00edculo por otro si lo prefieres. Sin embargo, los gastos de env\u00edo solo se reembolsan si has cancelado el pedido completo en un periodo de 7 d\u00edas o si los art\u00edculos son defectuosos y se ha realizado el reembolso.<\/li>\n<li>El reembolso de los importes pagados se efectuar\u00e1 a trav\u00e9s del medio de pago que utiliz\u00f3 en la compra.<\/li>\n<\/ul>\n<p><strong>Ten en cuenta:<\/strong><\/p>\n<ul>\n<li>El art\u00edculo es responsabilidad del usuario hasta que llegue a nosotros.<\/li>\n<li>El coste de devoluci\u00f3n del art\u00edculo es responsabilidad del cliente.<\/li>\n<li>El paquete puede tardar hasta 7 d\u00edas laborables en llegar a nuestro almac\u00e9n, a no ser que se env\u00ede por correo especial.<\/li>\n<\/ul>\n<p><strong>Garant\u00eda:<\/strong><\/p>\n<ul>\n<li>Nuestras garantias se rigen con lo previsto en el R.D.L. LEY 23\/2003, de 10 de julio, de Garant\u00edas en la Venta de Bienes de Consumo.<br \/>\nTodos los productos que puede comprar en canpaletpiteus.cat tienen una garant\u00eda m\u00e1xima de 12meses<\/li>\n<\/ul>\n<p><strong>Contenidos e informaci\u00f3n suministrada en nuestra web:<\/strong><\/p>\n<ul>\n<li>S.A.T. 1005 CAT VALL DEL RIU se reserva el derecho a modificar la oferta comercial presentada en la web canpaletpiteus.cat (modificaci\u00f3n sobre productos, precios, promociones y otras condiciones comerciales y de servicio) en cualquier momento.<\/li>\n<li>S.A.T. 1005 CAT VALL DEL RIU pone todos los medios razonables a su disposici\u00f3n para intentar que la informaci\u00f3n mostrada en su p\u00e1gina de internet sea veraz y sin errores tipogr\u00e1ficos<br \/>\nLa informaci\u00f3n presentada en esta web se encuentra en castellano (lengua espa\u00f1ola), incluyendo la formalizaci\u00f3n del contrato y todas las informaciones contractuales mostradas y enviadas a los consumidores o usuarios.<\/li>\n<\/ul>\n<p><strong>Protecci\u00f3n de datos:<\/strong><\/p>\n<p>Al realizar un pedido el usuario acepta que podamos almacenar, procesar y utilizar datos obtenidos del formulario de su pedido a los efectos de tramitar su pedido. Mediante la entrega de la direcci\u00f3n de correo electr\u00f3nico u otros datos personales, requisito necesario para la tramitaci\u00f3n de su pedido, el usuario da su permiso para que dichas direcciones sean tratadas y adem\u00e1s, utilizadas para enviar comunicaciones comerciales de promoci\u00f3n o publicidad de los servicios y productos ofrecidos por S.A.T. 1005 CAT VALL DEL RIU adem\u00e1s, ponemos a su disposici\u00f3n la direcci\u00f3n de correo electr\u00f3nico info@canpaletpiteus.cat, para que usted revoque el consentimiento prestado.<br \/>\nS.A.T. 1005 CAT VALL DEL RIU declara que cumple la normativa vigente respecto a la protecci\u00f3n de datos, en particular la Ley Org\u00e1nica 15\/1999, de 13 de diciembre, de protecci\u00f3n de Datos de Car\u00e1cter Personal y el Real Decreto 994\/1999, de 11 de junio, que desarrolla la citada ley org\u00e1nica. S.A.T. 1005 CAT VALL DEL RIU pone disposici\u00f3n de los clientes, la direcci\u00f3n de correo electr\u00f3nico info@canpaletpiteus.cat, para que puedan ejercer los derechos de acceso, rectificaci\u00f3n, cancelaci\u00f3n y oposici\u00f3n garantizados por la legislaci\u00f3n vigente.<\/p>\n<p><strong>Fuerza mayor:<\/strong><\/p>\n<p>Nosotros haremos todo lo posible por cumplir con las obligaciones derivadas de su pedido. Sin embargo, no seremos responsables por demoras o incumplimiento si la demora o incumplimiento son debidos a fuerza mayor. En caso de demora, cumpliremos nuestras obligaciones tan pronto como nos sea razonablemente posible.<br \/>\n<strong>Legislaci\u00f3n aplicable y jurisdicci\u00f3n competente:<\/strong><br \/>\nEstas Condiciones Generales se rigen por la ley espa\u00f1ola. Las partes se someten, a su elecci\u00f3n, para la resoluci\u00f3n de los conflictos y con renuncia a cualquier otro fuero, a los juzgados y tribunales del domicilio del usuario.<br \/>\n<strong>Nulidad e ineficacia de las Cl\u00e1usulas:<\/strong><br \/>\nSi cualquier cl\u00e1usula incluida en estas Condiciones Generales fuese declarada, total o parcialmente, nula o ineficaz, tal nulidad o ineficacia afectar\u00e1 tan solo a dicha disposici\u00f3n o a la parte de la misma que resulte nula o ineficaz, subsistiendo las Condiciones Generales en todo lo dem\u00e1s, teni\u00e9ndose tal disposici\u00f3n, o la parte de la misma que resultase afectada, por no puesta.<\/p>\n","protected":false},"excerpt":{"rendered":"<p>El presente documento tiene por objeto establecer las Condiciones Generales de Uso y las Condiciones Generales de Venta y devoluciones de la p\u00e1gina web de venta online canpaletpiteus.cat y de todos sus sub-dominios. Identidad de las partes: Las condiciones generales de venta descritas a continuaci\u00f3n (en adelante Condiciones generales de venta), rigen exclusivamente las relaciones [&#8230;]\n","protected":false},"author":1,"featured_media":0,"parent":0,"menu_order":0,"comment_status":"closed","ping_status":"closed","template":"","meta":{"footnotes":""},"class_list":["post-2009","page","type-page","status-publish","hentry"],"jetpack_shortlink":"https:\/\/wp.me\/PaRJzn-wp","jetpack_sharing_enabled":true,"_links":{"self":[{"href":"https:\/\/canpaletpiteus.com\/es\/wp-json\/wp\/v2\/pages\/2009","targetHints":{"allow":["GET"]}}],"collection":[{"href":"https:\/\/canpaletpiteus.com\/es\/wp-json\/wp\/v2\/pages"}],"about":[{"href":"https:\/\/canpaletpiteus.com\/es\/wp-json\/wp\/v2\/types\/page"}],"author":[{"embeddable":true,"href":"https:\/\/canpaletpiteus.com\/es\/wp-json\/wp\/v2\/users\/1"}],"replies":[{"embeddable":true,"href":"https:\/\/canpaletpiteus.com\/es\/wp-json\/wp\/v2\/comments?post=2009"}],"version-history":[{"count":1,"href":"https:\/\/canpaletpiteus.com\/es\/wp-json\/wp\/v2\/pages\/2009\/revisions"}],"predecessor-version":[{"id":2010,"href":"https:\/\/canpaletpiteus.com\/es\/wp-json\/wp\/v2\/pages\/2009\/revisions\/2010"}],"wp:attachment":[{"href":"https:\/\/canpaletpiteus.com\/es\/wp-json\/wp\/v2\/media?parent=2009"}],"curies":[{"name":"wp","href":"https:\/\/api.w.org\/{rel}","templated":true}]}}