{"id":898,"date":"2013-08-11T19:06:15","date_gmt":"2013-08-11T19:06:15","guid":{"rendered":"https:\/\/canpaletpiteus.com\/lempresa\/"},"modified":"2022-06-01T17:16:35","modified_gmt":"2022-06-01T15:16:35","slug":"empresa","status":"publish","type":"page","link":"https:\/\/canpaletpiteus.com\/es\/empresa\/","title":{"rendered":"La Empresa"},"content":{"rendered":"\n  <div class=\"banner has-hover\" id=\"banner-626914079\">\n          <div class=\"banner-inner fill\">\n        <div class=\"banner-bg fill\" >\n            <img loading=\"lazy\" decoding=\"async\" width=\"498\" height=\"1024\" src=\"https:\/\/canpaletpiteus.com\/wp-content\/uploads\/2019\/07\/IMG-20190711-WA0063.jpg\" class=\"bg attachment-original size-original\" alt=\"\" data-attachment-id=\"1522\" data-permalink=\"https:\/\/canpaletpiteus.com\/es\/img-20190711-wa0063-2\/\" data-orig-file=\"https:\/\/canpaletpiteus.com\/wp-content\/uploads\/2019\/07\/IMG-20190711-WA0063.jpg\" data-orig-size=\"498,1024\" data-comments-opened=\"1\" data-image-meta=\"{&quot;aperture&quot;:&quot;0&quot;,&quot;credit&quot;:&quot;&quot;,&quot;camera&quot;:&quot;&quot;,&quot;caption&quot;:&quot;&quot;,&quot;created_timestamp&quot;:&quot;0&quot;,&quot;copyright&quot;:&quot;&quot;,&quot;focal_length&quot;:&quot;0&quot;,&quot;iso&quot;:&quot;0&quot;,&quot;shutter_speed&quot;:&quot;0&quot;,&quot;title&quot;:&quot;&quot;,&quot;orientation&quot;:&quot;0&quot;}\" data-image-title=\"IMG-20190711-WA0063\" data-image-description=\"\" data-image-caption=\"\" data-medium-file=\"https:\/\/canpaletpiteus.com\/wp-content\/uploads\/2019\/07\/IMG-20190711-WA0063-195x400.jpg\" data-large-file=\"https:\/\/canpaletpiteus.com\/wp-content\/uploads\/2019\/07\/IMG-20190711-WA0063-389x800.jpg\" \/>                        <div class=\"overlay\"><\/div>            \n                    <\/div>\n\t\t\n        <div class=\"banner-layers container\">\n            <div class=\"fill banner-link\"><\/div>            \n   <div id=\"text-box-1333777676\" class=\"text-box banner-layer x50 md-x50 lg-x50 y5 md-y80 lg-y80 res-text\">\n                                <div class=\"text-box-content text dark\">\n              \n              <div class=\"text-inner text-center\">\n                  \n<h1 class=\"lead\">Con\u00f3cenos<\/h1>\n<p class=\"lead\">PITEUS es una empresa familiar dedicada a la elaboraci\u00f3n de vinos,<\/p>\n<p class=\"lead\">cava y vermuts con vi\u00f1edos situados entre Cardona y Nav\u00e0s<\/p>\n<p class=\"lead\">(El Bages), y tambi\u00e9n en Corbera (El Pened\u00e8s)<\/p>\n              <\/div>\n           <\/div>\n                            \n<style>\n#text-box-1333777676 {\n  width: 100%;\n}\n#text-box-1333777676 .text-box-content {\n  font-size: 100%;\n}\n@media (min-width:550px) {\n  #text-box-1333777676 {\n    width: 60%;\n  }\n}\n<\/style>\n    <\/div>\n \n        <\/div>\n      <\/div>\n\n            \n<style>\n#banner-626914079 {\n  padding-top: 400px;\n}\n#banner-626914079 .overlay {\n  background-color: rgba(0, 0, 0, 0.20);\n}\n<\/style>\n  <\/div>\n\n\n<div class=\"row\"  id=\"row-2083601346\">\n\n\t<div id=\"col-216684764\" class=\"col small-12 large-12\"  >\n\t\t\t\t<div class=\"col-inner\"  >\n\t\t\t\n\t\t\t\n<h2>La Empresa<\/h2>\n<p>PITEUS\u00a0 es una empresa familiar dedicada a la elaboraci\u00f3n de vinos, cava y vermuts con vi\u00f1edos situados entre Cardona y Nav\u00e0s (El Bages), y tambi\u00e9n en Corbera (El Pened\u00e8s).<\/p>\n<p>Desde sus inicios, la empresa ha sido integrada para toda la familia Canals Giron\u00e8s con los padres, Francesc y Margarita, a la cabeza. Los cinco hermanos (Marta, Bethsab\u00e9, Josep, Maria y Margarita) hemos colaborado desde muy peque\u00f1os en todos los procesos de producci\u00f3n del vino, desde plantar cepas y mantenerlas, hasta embotellar y etiquetar las botellas. Actualmente, la empresa sigue encabezada por los padres y dos hijos, en Josep y la Margarita , juntamente con Margarita Mitjans mujer de Josep. Todos trabajamos con muchas ganas para seguir elaborando unos productos que gusten a nuestros consumidores<\/p>\n<p><img loading=\"lazy\" decoding=\"async\" class=\"aligncenter size-medium wp-image-618\" src=\"https:\/\/canpaletpiteus.com\/wp-content\/uploads\/2019\/04\/Canpalet-piteus-51-374x400.jpg\" alt=\"\" width=\"374\" height=\"400\" srcset=\"https:\/\/canpaletpiteus.com\/wp-content\/uploads\/2019\/04\/Canpalet-piteus-51-374x400.jpg 374w, https:\/\/canpaletpiteus.com\/wp-content\/uploads\/2019\/04\/Canpalet-piteus-51-400x428.jpg 400w, https:\/\/canpaletpiteus.com\/wp-content\/uploads\/2019\/04\/Canpalet-piteus-51.jpg 575w\" sizes=\"auto, (max-width: 374px) 100vw, 374px\" \/><\/p>\n<p><img loading=\"lazy\" decoding=\"async\" class=\"aligncenter size-full wp-image-726\" src=\"https:\/\/canpaletpiteus.com\/wp-content\/uploads\/2019\/04\/logo-piteus.jpg\" alt=\"\" width=\"300\" height=\"119\" \/><\/p>\n<p>La familia Canals compr\u00f3 la finca El Llobet 1987. Inicialmente, sus campos hab\u00edan sido dedicados al cultivo de trigo y cebada, pero como tenemos una larga tradici\u00f3n vitivin\u00edcola decidimos plantar tambi\u00e9n vi\u00f1edos con variedades de uva tinta y blanca y as\u00ed naci\u00f3 PITEUS .<\/p>\n<p>Recientemente, hemos renovado la mas\u00eda, construida en 1606, con el fin de acondicionarla para llevar a cabo actividades relacionadas con el enoturismo. Adem\u00e1s, hemos hecho una inversi\u00f3n en maquinaria de cultivo y enolog\u00eda. Tambi\u00e9n hemos llevado a cabo nuevas plantaciones de vi\u00f1edos, encinas truferas, nogales y pistachos.<\/p>\n\n\t<section class=\"section\" id=\"section_734912096\">\n\t\t<div class=\"section-bg fill\" >\n\t\t\t\t\t\t\t\t\t\n\t\t\t\n\n\t\t<\/div>\n\n\t\t\n\n\t\t<div class=\"section-content relative\">\n\t\t\t\n<h2 style=\"text-align: center;\">FINCAS<\/h2>\n\t\t<\/div>\n\n\t\t\n<style>\n#section_734912096 {\n  padding-top: 10px;\n  padding-bottom: 10px;\n}\n<\/style>\n\t<\/section>\n\t\n\n\t<section class=\"section\" id=\"section_947144560\">\n\t\t<div class=\"section-bg fill\" >\n\t\t\t\t\t\t\t\t\t\n\t\t\t\n\n\t\t<\/div>\n\n\t\t\n\n\t\t<div class=\"section-content relative\">\n\t\t\t\n<div class=\"row\"  id=\"row-1967461694\">\n\n\t<div id=\"col-1857584846\" class=\"col medium-6 small-12 large-6\"  >\n\t\t\t\t<div class=\"col-inner text-center\"  >\n\t\t\t\n\t\t\t\n<h2 style=\"text-align: center;\"><a href=\"\/la-empresa\/finca-el-llobet-cardona-navas-pinost\/\">Finca El Llobet<\/a><\/h2>\n<p><a href=\"\/la-empresa\/finca-el-llobet-cardona-navas-pinost\/\"><img loading=\"lazy\" decoding=\"async\" class=\"aligncenter size-full wp-image-611\" src=\"https:\/\/canpaletpiteus.com\/wp-content\/uploads\/2019\/04\/Canpalet-piteus-50.jpg\" alt=\"\" width=\"700\" height=\"371\" srcset=\"https:\/\/canpaletpiteus.com\/wp-content\/uploads\/2019\/04\/Canpalet-piteus-50.jpg 700w, https:\/\/canpaletpiteus.com\/wp-content\/uploads\/2019\/04\/Canpalet-piteus-50-400x212.jpg 400w\" sizes=\"auto, (max-width: 700px) 100vw, 700px\" \/><\/a><\/p>\n\t\t<\/div>\n\t\t\t\t\t<\/div>\n\n\t\n\n\t<div id=\"col-314234845\" class=\"col medium-6 small-12 large-6\"  >\n\t\t\t\t<div class=\"col-inner\"  >\n\t\t\t\n\t\t\t\n<h2 style=\"text-align: center;\"><a href=\"\/la-empresa\/finca-can-palet-corbera-sant-andreu\/\">Finca Can Palet<\/a><\/h2>\n<p><a href=\"\/la-empresa\/finca-can-palet-corbera-sant-andreu\/\"><img loading=\"lazy\" decoding=\"async\" data-attachment-id=\"1579\" data-permalink=\"https:\/\/canpaletpiteus.com\/es\/finca-can-palet\/\" data-orig-file=\"https:\/\/canpaletpiteus.com\/wp-content\/uploads\/2019\/08\/finca-can-palet.jpg\" data-orig-size=\"700,371\" data-comments-opened=\"1\" data-image-meta=\"{&quot;aperture&quot;:&quot;0&quot;,&quot;credit&quot;:&quot;&quot;,&quot;camera&quot;:&quot;&quot;,&quot;caption&quot;:&quot;&quot;,&quot;created_timestamp&quot;:&quot;0&quot;,&quot;copyright&quot;:&quot;&quot;,&quot;focal_length&quot;:&quot;0&quot;,&quot;iso&quot;:&quot;0&quot;,&quot;shutter_speed&quot;:&quot;0&quot;,&quot;title&quot;:&quot;&quot;,&quot;orientation&quot;:&quot;1&quot;}\" data-image-title=\"finca-can-palet\" data-image-description=\"\" data-image-caption=\"\" data-medium-file=\"https:\/\/canpaletpiteus.com\/wp-content\/uploads\/2019\/08\/finca-can-palet.jpg\" data-large-file=\"https:\/\/canpaletpiteus.com\/wp-content\/uploads\/2019\/08\/finca-can-palet.jpg\" class=\"aligncenter wp-image-1579 size-full\" src=\"https:\/\/canpaletpiteus.com\/wp-content\/uploads\/2019\/08\/finca-can-palet.jpg\" alt=\"\" width=\"700\" height=\"371\" srcset=\"https:\/\/canpaletpiteus.com\/wp-content\/uploads\/2019\/08\/finca-can-palet.jpg 700w, https:\/\/canpaletpiteus.com\/wp-content\/uploads\/2019\/08\/finca-can-palet-400x212.jpg 400w\" sizes=\"auto, (max-width: 700px) 100vw, 700px\" \/><\/a><\/p>\n\t\t<\/div>\n\t\t\t\t\t<\/div>\n\n\t\n<\/div>\n\t\t<\/div>\n\n\t\t\n<style>\n#section_947144560 {\n  padding-top: 30px;\n  padding-bottom: 30px;\n}\n<\/style>\n\t<\/section>\n\t\n\t\t<\/div>\n\t\t\t\t\t<\/div>\n\n\t\n<\/div>\n","protected":false},"excerpt":{"rendered":"","protected":false},"author":1,"featured_media":0,"parent":0,"menu_order":0,"comment_status":"closed","ping_status":"closed","template":"page-blank.php","meta":{"footnotes":""},"class_list":["post-898","page","type-page","status-publish","hentry"],"jetpack_shortlink":"https:\/\/wp.me\/PaRJzn-eu","jetpack_sharing_enabled":true,"_links":{"self":[{"href":"https:\/\/canpaletpiteus.com\/es\/wp-json\/wp\/v2\/pages\/898","targetHints":{"allow":["GET"]}}],"collection":[{"href":"https:\/\/canpaletpiteus.com\/es\/wp-json\/wp\/v2\/pages"}],"about":[{"href":"https:\/\/canpaletpiteus.com\/es\/wp-json\/wp\/v2\/types\/page"}],"author":[{"embeddable":true,"href":"https:\/\/canpaletpiteus.com\/es\/wp-json\/wp\/v2\/users\/1"}],"replies":[{"embeddable":true,"href":"https:\/\/canpaletpiteus.com\/es\/wp-json\/wp\/v2\/comments?post=898"}],"version-history":[{"count":19,"href":"https:\/\/canpaletpiteus.com\/es\/wp-json\/wp\/v2\/pages\/898\/revisions"}],"predecessor-version":[{"id":2703,"href":"https:\/\/canpaletpiteus.com\/es\/wp-json\/wp\/v2\/pages\/898\/revisions\/2703"}],"wp:attachment":[{"href":"https:\/\/canpaletpiteus.com\/es\/wp-json\/wp\/v2\/media?parent=898"}],"curies":[{"name":"wp","href":"https:\/\/api.w.org\/{rel}","templated":true}]}}