{"id":912,"date":"2019-04-04T10:03:53","date_gmt":"2019-04-04T10:03:53","guid":{"rendered":"https:\/\/canpaletpiteus.com\/empresa\/finca-can-palet-corbera-sant-andreu\/"},"modified":"2024-10-23T07:23:12","modified_gmt":"2024-10-23T05:23:12","slug":"finca-can-palet-corbera-sant-andreu","status":"publish","type":"page","link":"https:\/\/canpaletpiteus.com\/es\/empresa\/finca-can-palet-corbera-sant-andreu\/","title":{"rendered":"Finca Can Palet \u2013 Corbera . Sant Andreu"},"content":{"rendered":"<p>&nbsp;<\/p>\n\n  <div class=\"banner has-hover\" id=\"banner-1132636593\">\n          <div class=\"banner-inner fill\">\n        <div class=\"banner-bg fill\" >\n            <img loading=\"lazy\" decoding=\"async\" width=\"1024\" height=\"192\" src=\"https:\/\/canpaletpiteus.com\/wp-content\/uploads\/2019\/04\/img-botelals.jpg\" class=\"bg attachment-original size-original\" alt=\"\" data-attachment-id=\"711\" data-permalink=\"https:\/\/canpaletpiteus.com\/es\/img-botelals\/\" data-orig-file=\"https:\/\/canpaletpiteus.com\/wp-content\/uploads\/2019\/04\/img-botelals.jpg\" data-orig-size=\"1024,192\" data-comments-opened=\"1\" data-image-meta=\"{&quot;aperture&quot;:&quot;0&quot;,&quot;credit&quot;:&quot;&quot;,&quot;camera&quot;:&quot;&quot;,&quot;caption&quot;:&quot;&quot;,&quot;created_timestamp&quot;:&quot;0&quot;,&quot;copyright&quot;:&quot;&quot;,&quot;focal_length&quot;:&quot;0&quot;,&quot;iso&quot;:&quot;0&quot;,&quot;shutter_speed&quot;:&quot;0&quot;,&quot;title&quot;:&quot;&quot;,&quot;orientation&quot;:&quot;0&quot;}\" data-image-title=\"img-botelals\" data-image-description=\"\" data-image-caption=\"\" data-medium-file=\"https:\/\/canpaletpiteus.com\/wp-content\/uploads\/2019\/04\/img-botelals-800x150.jpg\" data-large-file=\"https:\/\/canpaletpiteus.com\/wp-content\/uploads\/2019\/04\/img-botelals.jpg\" \/>                        <div class=\"overlay\"><\/div>            \n                    <\/div>\n\t\t\n        <div class=\"banner-layers container\">\n            <div class=\"fill banner-link\"><\/div>            \n   <div id=\"text-box-655369369\" class=\"text-box banner-layer x50 md-x50 lg-x50 y50 md-y50 lg-y50 res-text\">\n                                <div class=\"text-box-content text dark\">\n              \n              <div class=\"text-inner text-center\">\n                  \n              <\/div>\n           <\/div>\n                            \n<style>\n#text-box-655369369 {\n  width: 60%;\n}\n#text-box-655369369 .text-box-content {\n  font-size: 100%;\n}\n@media (min-width:550px) {\n  #text-box-655369369 {\n    width: 60%;\n  }\n}\n<\/style>\n    <\/div>\n \n        <\/div>\n      <\/div>\n\n            \n<style>\n#banner-1132636593 {\n  padding-top: 300px;\n}\n#banner-1132636593 .overlay {\n  background-color: rgba (0, 0, 0, 0,49);\n}\n<\/style>\n  <\/div>\n\n\n<p>&nbsp;<\/p>\n<p>&nbsp;<\/p>\n   <div id=\"text-box-798185867\" class=\"text-box banner-layer x50 md-x50 lg-x50 y50 md-y50 lg-y50 res-text\">\n                                <div class=\"text-box-content text dark\">\n              \n              <div class=\"text-inner text-center\">\n                  \n              <\/div>\n           <\/div>\n                            \n<style>\n#text-box-798185867 {\n  width: 60%;\n}\n#text-box-798185867 .text-box-content {\n  font-size: 100%;\n}\n<\/style>\n    <\/div>\n \n<h1 class=\"lead\">Finca Can Palet<\/h1>\n<p class=\"lead\">Corbera . Sant Andreu<\/p>\n\n\t<div id=\"col-1697159234\" class=\"col large-12\"  >\n\t\t\t\t<div class=\"col-inner\"  >\n\t\t\t\n\t\t\t\n<p class=\"jetpack-slideshow-noscript robots-nocontent\">El pase de diapositivas requiere JavaScript.<\/p><div id=\"gallery-912-1-slideshow\" class=\"jetpack-slideshow-window jetpack-slideshow jetpack-slideshow-black\" data-trans=\"fade\" data-autostart=\"1\" data-gallery=\"[{&quot;src&quot;:&quot;https:\\\/\\\/canpaletpiteus.com\\\/wp-content\\\/uploads\\\/2021\\\/05\\\/FOTO-CAN-PALET-PRIMAVERA-2021.jpg&quot;,&quot;id&quot;:&quot;2347&quot;,&quot;title&quot;:&quot;FOTO CAN PALET PRIMAVERA 2021&quot;,&quot;alt&quot;:&quot;&quot;,&quot;caption&quot;:&quot;&quot;,&quot;itemprop&quot;:&quot;image&quot;},{&quot;src&quot;:&quot;https:\\\/\\\/canpaletpiteus.com\\\/wp-content\\\/uploads\\\/2021\\\/03\\\/1615050276755.jpg&quot;,&quot;id&quot;:&quot;2206&quot;,&quot;title&quot;:&quot;1615050276755&quot;,&quot;alt&quot;:&quot;&quot;,&quot;caption&quot;:&quot;&quot;,&quot;itemprop&quot;:&quot;image&quot;},{&quot;src&quot;:&quot;https:\\\/\\\/canpaletpiteus.com\\\/wp-content\\\/uploads\\\/2019\\\/04\\\/Can-Palet01.jpg&quot;,&quot;id&quot;:&quot;1136&quot;,&quot;title&quot;:&quot;Can-Palet01&quot;,&quot;alt&quot;:&quot;&quot;,&quot;caption&quot;:&quot;&quot;,&quot;itemprop&quot;:&quot;image&quot;},{&quot;src&quot;:&quot;https:\\\/\\\/canpaletpiteus.com\\\/wp-content\\\/uploads\\\/2019\\\/07\\\/IMG-20181209-WA0010.jpg&quot;,&quot;id&quot;:&quot;1518&quot;,&quot;title&quot;:&quot;IMG-20181209-WA0010&quot;,&quot;alt&quot;:&quot;&quot;,&quot;caption&quot;:&quot;&quot;,&quot;itemprop&quot;:&quot;image&quot;},{&quot;src&quot;:&quot;https:\\\/\\\/canpaletpiteus.com\\\/wp-content\\\/uploads\\\/2019\\\/04\\\/Can-Palet04.jpg&quot;,&quot;id&quot;:&quot;1139&quot;,&quot;title&quot;:&quot;Can-Palet04&quot;,&quot;alt&quot;:&quot;&quot;,&quot;caption&quot;:&quot;&quot;,&quot;itemprop&quot;:&quot;image&quot;},{&quot;src&quot;:&quot;https:\\\/\\\/canpaletpiteus.com\\\/wp-content\\\/uploads\\\/2019\\\/04\\\/Can-Palet07.jpg&quot;,&quot;id&quot;:&quot;1120&quot;,&quot;title&quot;:&quot;Can-Palet07&quot;,&quot;alt&quot;:&quot;&quot;,&quot;caption&quot;:&quot;&quot;,&quot;itemprop&quot;:&quot;image&quot;},{&quot;src&quot;:&quot;https:\\\/\\\/canpaletpiteus.com\\\/wp-content\\\/uploads\\\/2019\\\/04\\\/Can-Palet09.jpg&quot;,&quot;id&quot;:&quot;1122&quot;,&quot;title&quot;:&quot;Can-Palet09&quot;,&quot;alt&quot;:&quot;&quot;,&quot;caption&quot;:&quot;&quot;,&quot;itemprop&quot;:&quot;image&quot;},{&quot;src&quot;:&quot;https:\\\/\\\/canpaletpiteus.com\\\/wp-content\\\/uploads\\\/2019\\\/04\\\/Can-Palet02.jpg&quot;,&quot;id&quot;:&quot;1137&quot;,&quot;title&quot;:&quot;Can-Palet02&quot;,&quot;alt&quot;:&quot;&quot;,&quot;caption&quot;:&quot;&quot;,&quot;itemprop&quot;:&quot;image&quot;},{&quot;src&quot;:&quot;https:\\\/\\\/canpaletpiteus.com\\\/wp-content\\\/uploads\\\/2019\\\/04\\\/Can-Palet15.jpg&quot;,&quot;id&quot;:&quot;1128&quot;,&quot;title&quot;:&quot;Can-Palet15&quot;,&quot;alt&quot;:&quot;&quot;,&quot;caption&quot;:&quot;&quot;,&quot;itemprop&quot;:&quot;image&quot;},{&quot;src&quot;:&quot;https:\\\/\\\/canpaletpiteus.com\\\/wp-content\\\/uploads\\\/2019\\\/04\\\/Can-Palet08.jpg&quot;,&quot;id&quot;:&quot;1121&quot;,&quot;title&quot;:&quot;Can-Palet08&quot;,&quot;alt&quot;:&quot;&quot;,&quot;caption&quot;:&quot;&quot;,&quot;itemprop&quot;:&quot;image&quot;},{&quot;src&quot;:&quot;https:\\\/\\\/canpaletpiteus.com\\\/wp-content\\\/uploads\\\/2019\\\/04\\\/Canpalet-piteus-04A-1.jpg&quot;,&quot;id&quot;:&quot;1043&quot;,&quot;title&quot;:&quot;Canpalet-piteus-04A&quot;,&quot;alt&quot;:&quot;&quot;,&quot;caption&quot;:&quot;&quot;,&quot;itemprop&quot;:&quot;image&quot;},{&quot;src&quot;:&quot;https:\\\/\\\/canpaletpiteus.com\\\/wp-content\\\/uploads\\\/2019\\\/07\\\/IMG-20190505-WA0002.jpg&quot;,&quot;id&quot;:&quot;1345&quot;,&quot;title&quot;:&quot;IMG-20190505-WA0002&quot;,&quot;alt&quot;:&quot;&quot;,&quot;caption&quot;:&quot;&quot;,&quot;itemprop&quot;:&quot;image&quot;},{&quot;src&quot;:&quot;https:\\\/\\\/canpaletpiteus.com\\\/wp-content\\\/uploads\\\/2019\\\/04\\\/Can-Palet03.jpg&quot;,&quot;id&quot;:&quot;1138&quot;,&quot;title&quot;:&quot;Can-Palet03&quot;,&quot;alt&quot;:&quot;&quot;,&quot;caption&quot;:&quot;&quot;,&quot;itemprop&quot;:&quot;image&quot;},{&quot;src&quot;:&quot;https:\\\/\\\/canpaletpiteus.com\\\/wp-content\\\/uploads\\\/2019\\\/04\\\/Can-Palet21.jpg&quot;,&quot;id&quot;:&quot;1134&quot;,&quot;title&quot;:&quot;Can-Palet21&quot;,&quot;alt&quot;:&quot;&quot;,&quot;caption&quot;:&quot;&quot;,&quot;itemprop&quot;:&quot;image&quot;},{&quot;src&quot;:&quot;https:\\\/\\\/canpaletpiteus.com\\\/wp-content\\\/uploads\\\/2019\\\/04\\\/Canpalet-piteus-12A-1.jpg&quot;,&quot;id&quot;:&quot;814&quot;,&quot;title&quot;:&quot;Canpalet-piteus-12A&quot;,&quot;alt&quot;:&quot;&quot;,&quot;caption&quot;:&quot;&quot;,&quot;itemprop&quot;:&quot;image&quot;},{&quot;src&quot;:&quot;https:\\\/\\\/canpaletpiteus.com\\\/wp-content\\\/uploads\\\/2019\\\/07\\\/IMG-20190616-WA0017.jpg&quot;,&quot;id&quot;:&quot;1347&quot;,&quot;title&quot;:&quot;IMG-20190616-WA0017&quot;,&quot;alt&quot;:&quot;&quot;,&quot;caption&quot;:&quot;&quot;,&quot;itemprop&quot;:&quot;image&quot;},{&quot;src&quot;:&quot;https:\\\/\\\/canpaletpiteus.com\\\/wp-content\\\/uploads\\\/2021\\\/03\\\/1615050276735.jpg&quot;,&quot;id&quot;:&quot;2197&quot;,&quot;title&quot;:&quot;1615050276735&quot;,&quot;alt&quot;:&quot;&quot;,&quot;caption&quot;:&quot;&quot;,&quot;itemprop&quot;:&quot;image&quot;},{&quot;src&quot;:&quot;https:\\\/\\\/canpaletpiteus.com\\\/wp-content\\\/uploads\\\/2019\\\/04\\\/Can-Palet05.jpg&quot;,&quot;id&quot;:&quot;1140&quot;,&quot;title&quot;:&quot;Can-Palet05&quot;,&quot;alt&quot;:&quot;&quot;,&quot;caption&quot;:&quot;&quot;,&quot;itemprop&quot;:&quot;image&quot;},{&quot;src&quot;:&quot;https:\\\/\\\/canpaletpiteus.com\\\/wp-content\\\/uploads\\\/2019\\\/04\\\/Can-Palet10.jpg&quot;,&quot;id&quot;:&quot;1123&quot;,&quot;title&quot;:&quot;Can-Palet10&quot;,&quot;alt&quot;:&quot;&quot;,&quot;caption&quot;:&quot;&quot;,&quot;itemprop&quot;:&quot;image&quot;},{&quot;src&quot;:&quot;https:\\\/\\\/canpaletpiteus.com\\\/wp-content\\\/uploads\\\/2019\\\/04\\\/Can-Palet19.jpg&quot;,&quot;id&quot;:&quot;1132&quot;,&quot;title&quot;:&quot;Can-Palet19&quot;,&quot;alt&quot;:&quot;&quot;,&quot;caption&quot;:&quot;&quot;,&quot;itemprop&quot;:&quot;image&quot;},{&quot;src&quot;:&quot;https:\\\/\\\/canpaletpiteus.com\\\/wp-content\\\/uploads\\\/2019\\\/04\\\/Can-Palet18.jpg&quot;,&quot;id&quot;:&quot;1131&quot;,&quot;title&quot;:&quot;Can-Palet18&quot;,&quot;alt&quot;:&quot;&quot;,&quot;caption&quot;:&quot;&quot;,&quot;itemprop&quot;:&quot;image&quot;},{&quot;src&quot;:&quot;https:\\\/\\\/canpaletpiteus.com\\\/wp-content\\\/uploads\\\/2019\\\/07\\\/IMG-20190711-WA0068.jpg&quot;,&quot;id&quot;:&quot;1526&quot;,&quot;title&quot;:&quot;IMG-20190711-WA0068&quot;,&quot;alt&quot;:&quot;&quot;,&quot;caption&quot;:&quot;&quot;,&quot;itemprop&quot;:&quot;image&quot;},{&quot;src&quot;:&quot;https:\\\/\\\/canpaletpiteus.com\\\/wp-content\\\/uploads\\\/2023\\\/03\\\/IMG-20230226-WA0008.jpg&quot;,&quot;id&quot;:&quot;2859&quot;,&quot;title&quot;:&quot;IMG-20230226-WA0008&quot;,&quot;alt&quot;:&quot;&quot;,&quot;caption&quot;:&quot;&quot;,&quot;itemprop&quot;:&quot;image&quot;},{&quot;src&quot;:&quot;https:\\\/\\\/canpaletpiteus.com\\\/wp-content\\\/uploads\\\/2019\\\/04\\\/Can-Palet17.jpg&quot;,&quot;id&quot;:&quot;1130&quot;,&quot;title&quot;:&quot;Can-Palet17&quot;,&quot;alt&quot;:&quot;&quot;,&quot;caption&quot;:&quot;&quot;,&quot;itemprop&quot;:&quot;image&quot;},{&quot;src&quot;:&quot;https:\\\/\\\/canpaletpiteus.com\\\/wp-content\\\/uploads\\\/2019\\\/04\\\/Can-Palet16.jpg&quot;,&quot;id&quot;:&quot;1129&quot;,&quot;title&quot;:&quot;Can-Palet16&quot;,&quot;alt&quot;:&quot;&quot;,&quot;caption&quot;:&quot;&quot;,&quot;itemprop&quot;:&quot;image&quot;},{&quot;src&quot;:&quot;https:\\\/\\\/canpaletpiteus.com\\\/wp-content\\\/uploads\\\/2019\\\/04\\\/Can-Palet14.jpg&quot;,&quot;id&quot;:&quot;1127&quot;,&quot;title&quot;:&quot;Can-Palet14&quot;,&quot;alt&quot;:&quot;&quot;,&quot;caption&quot;:&quot;&quot;,&quot;itemprop&quot;:&quot;image&quot;},{&quot;src&quot;:&quot;https:\\\/\\\/canpaletpiteus.com\\\/wp-content\\\/uploads\\\/2019\\\/04\\\/Can-Palet13.jpg&quot;,&quot;id&quot;:&quot;1126&quot;,&quot;title&quot;:&quot;Can-Palet13&quot;,&quot;alt&quot;:&quot;&quot;,&quot;caption&quot;:&quot;&quot;,&quot;itemprop&quot;:&quot;image&quot;},{&quot;src&quot;:&quot;https:\\\/\\\/canpaletpiteus.com\\\/wp-content\\\/uploads\\\/2019\\\/07\\\/IMG-20190711-WA0077.jpg&quot;,&quot;id&quot;:&quot;1536&quot;,&quot;title&quot;:&quot;IMG-20190711-WA0077&quot;,&quot;alt&quot;:&quot;&quot;,&quot;caption&quot;:&quot;&quot;,&quot;itemprop&quot;:&quot;image&quot;},{&quot;src&quot;:&quot;https:\\\/\\\/canpaletpiteus.com\\\/wp-content\\\/uploads\\\/2019\\\/04\\\/Can-Palet12.jpg&quot;,&quot;id&quot;:&quot;1125&quot;,&quot;title&quot;:&quot;Can-Palet12&quot;,&quot;alt&quot;:&quot;&quot;,&quot;caption&quot;:&quot;&quot;,&quot;itemprop&quot;:&quot;image&quot;},{&quot;src&quot;:&quot;https:\\\/\\\/canpaletpiteus.com\\\/wp-content\\\/uploads\\\/2019\\\/07\\\/IMG-20190711-WA0071.jpg&quot;,&quot;id&quot;:&quot;1532&quot;,&quot;title&quot;:&quot;IMG-20190711-WA0071&quot;,&quot;alt&quot;:&quot;&quot;,&quot;caption&quot;:&quot;&quot;,&quot;itemprop&quot;:&quot;image&quot;},{&quot;src&quot;:&quot;https:\\\/\\\/canpaletpiteus.com\\\/wp-content\\\/uploads\\\/2019\\\/04\\\/Can-Palet20.jpg&quot;,&quot;id&quot;:&quot;1133&quot;,&quot;title&quot;:&quot;Can-Palet20&quot;,&quot;alt&quot;:&quot;&quot;,&quot;caption&quot;:&quot;&quot;,&quot;itemprop&quot;:&quot;image&quot;},{&quot;src&quot;:&quot;https:\\\/\\\/canpaletpiteus.com\\\/wp-content\\\/uploads\\\/2019\\\/04\\\/Can-Palet11.jpg&quot;,&quot;id&quot;:&quot;1124&quot;,&quot;title&quot;:&quot;Can-Palet11&quot;,&quot;alt&quot;:&quot;&quot;,&quot;caption&quot;:&quot;&quot;,&quot;itemprop&quot;:&quot;image&quot;},{&quot;src&quot;:&quot;https:\\\/\\\/canpaletpiteus.com\\\/wp-content\\\/uploads\\\/2019\\\/07\\\/IMG-20190711-WA0063.jpg&quot;,&quot;id&quot;:&quot;1522&quot;,&quot;title&quot;:&quot;IMG-20190711-WA0063&quot;,&quot;alt&quot;:&quot;&quot;,&quot;caption&quot;:&quot;&quot;,&quot;itemprop&quot;:&quot;image&quot;},{&quot;src&quot;:&quot;https:\\\/\\\/canpaletpiteus.com\\\/wp-content\\\/uploads\\\/2019\\\/04\\\/Canpalet-piteus-13A.jpg&quot;,&quot;id&quot;:&quot;1080&quot;,&quot;title&quot;:&quot;Canpalet-piteus-13A&quot;,&quot;alt&quot;:&quot;&quot;,&quot;caption&quot;:&quot;&quot;,&quot;itemprop&quot;:&quot;image&quot;},{&quot;src&quot;:&quot;https:\\\/\\\/canpaletpiteus.com\\\/wp-content\\\/uploads\\\/2019\\\/07\\\/IMG-20190711-WA0072.jpg&quot;,&quot;id&quot;:&quot;1534&quot;,&quot;title&quot;:&quot;IMG-20190711-WA0072&quot;,&quot;alt&quot;:&quot;&quot;,&quot;caption&quot;:&quot;&quot;,&quot;itemprop&quot;:&quot;image&quot;},{&quot;src&quot;:&quot;https:\\\/\\\/canpaletpiteus.com\\\/wp-content\\\/uploads\\\/2021\\\/03\\\/1615050276742.jpg&quot;,&quot;id&quot;:&quot;2200&quot;,&quot;title&quot;:&quot;1615050276742&quot;,&quot;alt&quot;:&quot;&quot;,&quot;caption&quot;:&quot;&quot;,&quot;itemprop&quot;:&quot;image&quot;},{&quot;src&quot;:&quot;https:\\\/\\\/canpaletpiteus.com\\\/wp-content\\\/uploads\\\/2019\\\/04\\\/Canpalet-piteus-11A-1.jpg&quot;,&quot;id&quot;:&quot;1050&quot;,&quot;title&quot;:&quot;Canpalet-piteus-11A&quot;,&quot;alt&quot;:&quot;&quot;,&quot;caption&quot;:&quot;&quot;,&quot;itemprop&quot;:&quot;image&quot;},{&quot;src&quot;:&quot;https:\\\/\\\/canpaletpiteus.com\\\/wp-content\\\/uploads\\\/2019\\\/07\\\/IMG-20190711-WA0094-1.jpg&quot;,&quot;id&quot;:&quot;1552&quot;,&quot;title&quot;:&quot;IMG-20190711-WA0094 (1)&quot;,&quot;alt&quot;:&quot;&quot;,&quot;caption&quot;:&quot;&quot;,&quot;itemprop&quot;:&quot;image&quot;},{&quot;src&quot;:&quot;https:\\\/\\\/canpaletpiteus.com\\\/wp-content\\\/uploads\\\/2019\\\/07\\\/IMG-20190711-WA0020.jpg&quot;,&quot;id&quot;:&quot;1512&quot;,&quot;title&quot;:&quot;IMG-20190711-WA0020&quot;,&quot;alt&quot;:&quot;&quot;,&quot;caption&quot;:&quot;&quot;,&quot;itemprop&quot;:&quot;image&quot;},{&quot;src&quot;:&quot;https:\\\/\\\/canpaletpiteus.com\\\/wp-content\\\/uploads\\\/2019\\\/07\\\/IMG-20190711-WA0093.jpg&quot;,&quot;id&quot;:&quot;1550&quot;,&quot;title&quot;:&quot;IMG-20190711-WA0093&quot;,&quot;alt&quot;:&quot;&quot;,&quot;caption&quot;:&quot;&quot;,&quot;itemprop&quot;:&quot;image&quot;},{&quot;src&quot;:&quot;https:\\\/\\\/canpaletpiteus.com\\\/wp-content\\\/uploads\\\/2019\\\/07\\\/IMG-20190711-WA0092.jpg&quot;,&quot;id&quot;:&quot;1548&quot;,&quot;title&quot;:&quot;IMG-20190711-WA0092&quot;,&quot;alt&quot;:&quot;&quot;,&quot;caption&quot;:&quot;&quot;,&quot;itemprop&quot;:&quot;image&quot;},{&quot;src&quot;:&quot;https:\\\/\\\/canpaletpiteus.com\\\/wp-content\\\/uploads\\\/2019\\\/07\\\/IMG-20190711-WA0080.jpg&quot;,&quot;id&quot;:&quot;1540&quot;,&quot;title&quot;:&quot;IMG-20190711-WA0080&quot;,&quot;alt&quot;:&quot;&quot;,&quot;caption&quot;:&quot;&quot;,&quot;itemprop&quot;:&quot;image&quot;},{&quot;src&quot;:&quot;https:\\\/\\\/canpaletpiteus.com\\\/wp-content\\\/uploads\\\/2019\\\/07\\\/IMG-20190711-WA0078.jpg&quot;,&quot;id&quot;:&quot;1538&quot;,&quot;title&quot;:&quot;IMG-20190711-WA0078&quot;,&quot;alt&quot;:&quot;&quot;,&quot;caption&quot;:&quot;&quot;,&quot;itemprop&quot;:&quot;image&quot;},{&quot;src&quot;:&quot;https:\\\/\\\/canpaletpiteus.com\\\/wp-content\\\/uploads\\\/2019\\\/07\\\/IMG-20190711-WA0069.jpg&quot;,&quot;id&quot;:&quot;1528&quot;,&quot;title&quot;:&quot;IMG-20190711-WA0069&quot;,&quot;alt&quot;:&quot;&quot;,&quot;caption&quot;:&quot;&quot;,&quot;itemprop&quot;:&quot;image&quot;},{&quot;src&quot;:&quot;https:\\\/\\\/canpaletpiteus.com\\\/wp-content\\\/uploads\\\/2019\\\/07\\\/IMG-20190711-WA0070.jpg&quot;,&quot;id&quot;:&quot;1530&quot;,&quot;title&quot;:&quot;IMG-20190711-WA0070&quot;,&quot;alt&quot;:&quot;&quot;,&quot;caption&quot;:&quot;&quot;,&quot;itemprop&quot;:&quot;image&quot;},{&quot;src&quot;:&quot;https:\\\/\\\/canpaletpiteus.com\\\/wp-content\\\/uploads\\\/2019\\\/07\\\/IMG-20190711-WA0065.jpg&quot;,&quot;id&quot;:&quot;1524&quot;,&quot;title&quot;:&quot;IMG-20190711-WA0065&quot;,&quot;alt&quot;:&quot;&quot;,&quot;caption&quot;:&quot;&quot;,&quot;itemprop&quot;:&quot;image&quot;},{&quot;src&quot;:&quot;https:\\\/\\\/canpaletpiteus.com\\\/wp-content\\\/uploads\\\/2021\\\/03\\\/1615050276749.jpg&quot;,&quot;id&quot;:&quot;2203&quot;,&quot;title&quot;:&quot;1615050276749&quot;,&quot;alt&quot;:&quot;&quot;,&quot;caption&quot;:&quot;&quot;,&quot;itemprop&quot;:&quot;image&quot;},{&quot;src&quot;:&quot;https:\\\/\\\/canpaletpiteus.com\\\/wp-content\\\/uploads\\\/2019\\\/07\\\/IMG-20190711-WA0062.jpg&quot;,&quot;id&quot;:&quot;1520&quot;,&quot;title&quot;:&quot;IMG-20190711-WA0062&quot;,&quot;alt&quot;:&quot;&quot;,&quot;caption&quot;:&quot;&quot;,&quot;itemprop&quot;:&quot;image&quot;},{&quot;src&quot;:&quot;https:\\\/\\\/canpaletpiteus.com\\\/wp-content\\\/uploads\\\/2021\\\/03\\\/1615050276727.jpg&quot;,&quot;id&quot;:&quot;2194&quot;,&quot;title&quot;:&quot;1615050276727&quot;,&quot;alt&quot;:&quot;&quot;,&quot;caption&quot;:&quot;&quot;,&quot;itemprop&quot;:&quot;image&quot;},{&quot;src&quot;:&quot;https:\\\/\\\/canpaletpiteus.com\\\/wp-content\\\/uploads\\\/2023\\\/03\\\/IMG-20230226-WA0007.jpg&quot;,&quot;id&quot;:&quot;2856&quot;,&quot;title&quot;:&quot;IMG-20230226-WA0007&quot;,&quot;alt&quot;:&quot;&quot;,&quot;caption&quot;:&quot;&quot;,&quot;itemprop&quot;:&quot;image&quot;},{&quot;src&quot;:&quot;https:\\\/\\\/canpaletpiteus.com\\\/wp-content\\\/uploads\\\/2019\\\/07\\\/IMG-20190711-WA0096.jpg&quot;,&quot;id&quot;:&quot;1516&quot;,&quot;title&quot;:&quot;IMG-20190711-WA0096&quot;,&quot;alt&quot;:&quot;&quot;,&quot;caption&quot;:&quot;&quot;,&quot;itemprop&quot;:&quot;image&quot;},{&quot;src&quot;:&quot;https:\\\/\\\/canpaletpiteus.com\\\/wp-content\\\/uploads\\\/2019\\\/07\\\/IMG-20190711-WA0023.jpg&quot;,&quot;id&quot;:&quot;1514&quot;,&quot;title&quot;:&quot;IMG-20190711-WA0023&quot;,&quot;alt&quot;:&quot;&quot;,&quot;caption&quot;:&quot;&quot;,&quot;itemprop&quot;:&quot;image&quot;},{&quot;src&quot;:&quot;https:\\\/\\\/canpaletpiteus.com\\\/wp-content\\\/uploads\\\/2019\\\/07\\\/IMG-20190711-WA0019.jpg&quot;,&quot;id&quot;:&quot;1510&quot;,&quot;title&quot;:&quot;IMG-20190711-WA0019&quot;,&quot;alt&quot;:&quot;&quot;,&quot;caption&quot;:&quot;&quot;,&quot;itemprop&quot;:&quot;image&quot;},{&quot;src&quot;:&quot;https:\\\/\\\/canpaletpiteus.com\\\/wp-content\\\/uploads\\\/2019\\\/07\\\/IMG-20190616-WA0017-1.jpg&quot;,&quot;id&quot;:&quot;1508&quot;,&quot;title&quot;:&quot;IMG-20190616-WA0017&quot;,&quot;alt&quot;:&quot;&quot;,&quot;caption&quot;:&quot;&quot;,&quot;itemprop&quot;:&quot;image&quot;}]\" itemscope itemtype=\"https:\/\/schema.org\/ImageGallery\"><\/div>\n<p><span style=\"vertical-align: inherit;\"><span style=\"vertical-align: inherit;\">[\/ col] <\/span><\/span><\/p>\n\n\t<div id=\"col-1987554103\" class=\"col small-12 large-12\"  >\n\t\t\t\t<div class=\"col-inner\"  >\n\t\t\t\n\t\t\t\n\t\t<\/div>\n\t\t\t\t\t<\/div>\n\n\t\n\t<div id=\"text-2801996267\" class=\"text\">\n\t\t\n<h2><span style=\"vertical-align: inherit;\"><span style=\"vertical-align: inherit;\">Finca Can Palet<\/span><\/span><\/h2>\n<p><strong><span style=\"vertical-align: inherit;\"><span style=\"vertical-align: inherit;\">Corbera . Sant Andreu<\/span><\/span><\/strong><\/p>\n<p><span style=\"vertical-align: inherit;\"><span style=\"vertical-align: inherit;\">Can Palet es una mas\u00eda que de generaci\u00f3n en generaci\u00f3n, y ya son 14, se han sacado provecho de sus tierras.<\/span><\/span><\/p>\n<p><span style=\"vertical-align: inherit;\"><span style=\"vertical-align: inherit;\">La Masia da nombre a uno de nuestros vinos tintos.<\/span><\/span><\/p>\n<p style=\"background: white; margin: 0cm 0cm 12.0pt 0cm;\"><span style=\"font-size: 10.5pt; font-family: 'Verdana','sans-serif'; color: #444444;\">Tenemos la Bodega regulada por la Generalitat , Departamento de Agricultura y Departamento de Sanidad.<\/span><\/p>\n<p style=\"background: white; margin: 0cm 0cm 12.0pt 0cm;\"><span style=\"font-size: 10.5pt; font-family: 'Verdana','sans-serif'; color: #444444;\"><span style=\"vertical-align: inherit;\"><span style=\"vertical-align: inherit;\">Las variedades que tenemos plantadas en nuestras vi\u00f1as son, Cabernet Sauvignon, Merlot, Ull de llebre, Malbec, Caladoc, Macabeu, Xarel\u00b7lo, Muscat y Chardonnay.<\/span><\/span><\/span><\/p>\n<p style=\"background: white; margin: 0cm 0cm 12.0pt 0cm;\"><span style=\"font-size: 10.5pt; font-family: 'Verdana','sans-serif'; color: #444444;\">Situada en Corbera del Llob. ( DO Pened\u00e8s ), per\u00f2 muy cerca de Sant Andreu de la Barca, de donde es originaria nuestra Fam\u00edlia. <\/span><\/p>\n<p style=\"background: white; margin: 0cm 0cm 12.0pt 0cm;\"><span style=\"font-size: 10.5pt; font-family: 'Verdana','sans-serif'; color: #444444;\">La Fam\u00edlia Po-Canals.<\/span><\/p>\n\t\t\n<style>\n#text-2801996267 {\n  font-size: 1.9rem;\n  line-height: 1.55;\n}\n<\/style>\n\t<\/div>\n\t\n\t\t<\/div>\n\t\t\t\t\t<\/div>\n\n\t\n","protected":false},"excerpt":{"rendered":"<p>&nbsp; &nbsp; &nbsp; Finca Can Palet Corbera . Sant Andreu<\/p>\n","protected":false},"author":1,"featured_media":0,"parent":898,"menu_order":0,"comment_status":"closed","ping_status":"closed","template":"page-blank.php","meta":{"footnotes":""},"class_list":["post-912","page","type-page","status-publish","hentry"],"jetpack_shortlink":"https:\/\/wp.me\/PaRJzn-eI","jetpack_sharing_enabled":true,"_links":{"self":[{"href":"https:\/\/canpaletpiteus.com\/es\/wp-json\/wp\/v2\/pages\/912","targetHints":{"allow":["GET"]}}],"collection":[{"href":"https:\/\/canpaletpiteus.com\/es\/wp-json\/wp\/v2\/pages"}],"about":[{"href":"https:\/\/canpaletpiteus.com\/es\/wp-json\/wp\/v2\/types\/page"}],"author":[{"embeddable":true,"href":"https:\/\/canpaletpiteus.com\/es\/wp-json\/wp\/v2\/users\/1"}],"replies":[{"embeddable":true,"href":"https:\/\/canpaletpiteus.com\/es\/wp-json\/wp\/v2\/comments?post=912"}],"version-history":[{"count":16,"href":"https:\/\/canpaletpiteus.com\/es\/wp-json\/wp\/v2\/pages\/912\/revisions"}],"predecessor-version":[{"id":4146,"href":"https:\/\/canpaletpiteus.com\/es\/wp-json\/wp\/v2\/pages\/912\/revisions\/4146"}],"up":[{"embeddable":true,"href":"https:\/\/canpaletpiteus.com\/es\/wp-json\/wp\/v2\/pages\/898"}],"wp:attachment":[{"href":"https:\/\/canpaletpiteus.com\/es\/wp-json\/wp\/v2\/media?parent=912"}],"curies":[{"name":"wp","href":"https:\/\/api.w.org\/{rel}","templated":true}]}}