{"id":973,"date":"2019-06-06T09:09:26","date_gmt":"2019-06-06T09:09:26","guid":{"rendered":"https:\/\/canpaletpiteus.com\/condicions-generals\/"},"modified":"2019-06-06T09:28:14","modified_gmt":"2019-06-06T09:28:14","slug":"condiciones-generales","status":"publish","type":"page","link":"https:\/\/canpaletpiteus.com\/es\/condiciones-generales\/","title":{"rendered":"Condiciones generales"},"content":{"rendered":"<div class=\"row\"  id=\"row-982775866\">\n\n\t<div id=\"col-1697284283\" class=\"col small-12 large-12\"  >\n\t\t\t\t<div class=\"col-inner\"  >\n\t\t\t\n\t\t\t\n<h2>CONDICIONES GENERALES DE CONTRACTACI\u00d3N POR INTERNET<\/h2>\n<ol>\n<li>La persona que usa los programas de comercio electr\u00f3nico manifiesta que act\u00faa en nombre propio o que tiene poderes suficientes cuando act\u00faa en representaci\u00f3n de una empresa o instituci\u00f3n, y que denominaremos Cliente.<\/li>\n<li>Al realizar un pedido utilizando estos programas de comercio electr\u00f3nico el Cliente acepta la aplicaci\u00f3n de estas condiciones generales aplicadas a las transacciones comerciales efectuadas.<\/li>\n<li>El Cliente manifiesta que los datos que constan en su registro son correctos.<\/li>\n<li>El Proveedor manifiesta que los productos editados en el cat\u00e1logo de comercio electr\u00f3nico est\u00e1n actualizados. El plazo de entrega indicado es orientativo de la disponibilidad en los almacenes del Proveedor, y en cualquier caso deber\u00e1 corregirse con el tiempo habitual de transporte hasta la direcci\u00f3n de entrega indicada por el Cliente.<\/li>\n<li>El Cliente acepta como v\u00e1lido los pedidos cursados por este procedimiento, y renuncia expresamente a cualquier oposici\u00f3n, presente o futura, basada en el uso de estos programas de comercio electr\u00f3nico. El Cliente acepta la factura que el Proveedor emitir\u00e1 as\u00ed como el cargo econ\u00f3mico correspondiente a los pedidos cursados por este procedimiento.<\/li>\n<li>El Proveedor se reserva el derecho a rechazar, total o parcialmente, un pedido cursado por el Cliente, en cuyo caso lo notificar\u00e1 a trav\u00e9s del correo electr\u00f3nico y anular\u00e1 las facturas y cargos correspondientes.<\/li>\n<li>El Cliente acepta que los documentos y comprobantes del pedido son los emitidos por los programas de comercio electr\u00f3nico, ya sean en formato de correo electr\u00f3nico, ya sean en formato de impresi\u00f3n por terminal.<\/li>\n<li>La validez e interpretaci\u00f3n de estas condiciones generales se regir\u00e1 por las leyes y los tribunales del domicilio del Proveedor, aceptando expl\u00edcitamente el Cliente dicha jurisdicci\u00f3n.<\/li>\n<\/ol>\n<p>&nbsp;<\/p>\n<h2>SERVICIO DE ATENCION AL CLIENTE<\/h2>\n<p>Puede ponerse en contacto con nosotros a trav\u00e9s de la ficha de contacto que encontrar\u00e1 en nuestra p\u00e1gina web, del correo electr\u00f3nico <a href=\"mailto:info@canpaletpiteus.cat\">info@canpaletpiteus.cat<\/a> o del tel\u00e9fono 620259072 \/ 687441889.<\/p>\n<p>&nbsp;<\/p>\n<h2>EXENCION DE RESPONSABILIDAD<\/h2>\n<p>VINOS Y CAVA PITEUS \u2013 S.A.T. 1005 CAT declina toda responsabilidad por raz\u00f3n de la transmisi\u00f3n, difusi\u00f3n, almacenamiento, puesta a disposici\u00f3n, recepci\u00f3n, acceso o uso del Lugar Web, y, en particular por la existencia de cualquier error en el acceso, que provoque una interrupci\u00f3n, o de programaci\u00f3n, relacionados con el lugar web y su funcionamiento sea cual sea su origen, cualquier elemento nocivo, o la intervenci\u00f3n de un tercero.<\/p>\n\t\t<\/div>\n\t\t\t\t\t<\/div>\n\n\t\n<\/div>\n","protected":false},"excerpt":{"rendered":"","protected":false},"author":1,"featured_media":0,"parent":0,"menu_order":0,"comment_status":"closed","ping_status":"closed","template":"","meta":{"footnotes":""},"class_list":["post-973","page","type-page","status-publish","hentry"],"jetpack_shortlink":"https:\/\/wp.me\/PaRJzn-fH","jetpack_sharing_enabled":true,"_links":{"self":[{"href":"https:\/\/canpaletpiteus.com\/es\/wp-json\/wp\/v2\/pages\/973","targetHints":{"allow":["GET"]}}],"collection":[{"href":"https:\/\/canpaletpiteus.com\/es\/wp-json\/wp\/v2\/pages"}],"about":[{"href":"https:\/\/canpaletpiteus.com\/es\/wp-json\/wp\/v2\/types\/page"}],"author":[{"embeddable":true,"href":"https:\/\/canpaletpiteus.com\/es\/wp-json\/wp\/v2\/users\/1"}],"replies":[{"embeddable":true,"href":"https:\/\/canpaletpiteus.com\/es\/wp-json\/wp\/v2\/comments?post=973"}],"version-history":[{"count":1,"href":"https:\/\/canpaletpiteus.com\/es\/wp-json\/wp\/v2\/pages\/973\/revisions"}],"predecessor-version":[{"id":974,"href":"https:\/\/canpaletpiteus.com\/es\/wp-json\/wp\/v2\/pages\/973\/revisions\/974"}],"wp:attachment":[{"href":"https:\/\/canpaletpiteus.com\/es\/wp-json\/wp\/v2\/media?parent=973"}],"curies":[{"name":"wp","href":"https:\/\/api.w.org\/{rel}","templated":true}]}}