{"id":976,"date":"2019-06-06T09:33:03","date_gmt":"2019-06-06T09:33:03","guid":{"rendered":"https:\/\/canpaletpiteus.com\/politica-de-privacidad\/"},"modified":"2020-11-24T10:35:48","modified_gmt":"2020-11-24T09:35:48","slug":"politica-de-privacidad","status":"publish","type":"page","link":"https:\/\/canpaletpiteus.com\/es\/politica-de-privacidad\/","title":{"rendered":"Pol\u00edtica de privacidad"},"content":{"rendered":"<div class=\"row\"  id=\"row-157497093\">\n\n\t<div id=\"col-1526441383\" class=\"col small-12 large-12\"  >\n\t\t\t\t<div class=\"col-inner\"  >\n\t\t\t\n\t\t\t\n<h2>Pol\u00edtica de privacidad<\/h2>\n<p>De conformidad con el que establece la normativa vigente en Protecci\u00f3n de Datos de Caracter Personal, le informamos que sus datos ser\u00e1n incorporados al sistema de tratamiento titularidad de S.A.T. 1005 CAT &#8211; VINS I CAVA PITEUS con CIF F58581570 y nuestro<strong><u> domicilio social<\/u><\/strong> es: APARTADO DE CORREOS N\u00ba 70 08740 SANT ANDREU DE LA BARCA, con la finalidad de atender sus consultas y enviarle informaci\u00f3n relacionada que pueda ser de su inter\u00e9s. En cumplimento con la normativa vigente, S.A.T. 1005 CAT \u2013 VINS I CAVA PITEUS informa que los datos ser\u00e1n conservados durante el terminio estrictamente necesario para cumplir con los preceptos dichos anteriormente.<\/p>\n<p>Nuestra <strong><u>direcci\u00f3n fiscal <\/u><\/strong>es Apartado de correos n\u00ba 70 &#8211; 08740 Sant Andreu de la Barca. <u>(<strong>S.A.T VALL DEL RIU<\/strong>)<\/u><\/p>\n<p>Mientras no se comunique lo contrario, entenderemos que sus datos no han estado modificados, que usted se compromete a notificarnos cualquier variaci\u00f3n y que tenemos su consentimento para utilitzarlos para las finalidades dichas.<\/p>\n<p>VINS I CAVA PITEUS \u2013 S.A.T. 1005 CAT informa que proceder\u00e1 a tratar los datos de manera l\u00edcita, legal, transparente, adecuada, pertinente, limitada, exacta y actualizada. Es por esto que VINS I CAVA PITEUS \u2013 S.A.T. 1005 CAT se compromete a adoptar todas las medidas razonables porque estos se suprimimiesen o rectifiquen sin dilaci\u00f3n cuando sean inexactos.<br \/>\nDe acuerdo con los derechos que le incunven la normativa vigente en protecci\u00f3n de datos podr\u00e1n estar en los derechos de acceso, rectificaci\u00f3n, limitaci\u00f3n de tratamiento, supressi\u00f3n, portabilitat y oposici\u00f3n al tratamiento de sus datos de car\u00e1cter personal as\u00ed como del consentimiento prestado por el tratamiento de los mismos, dirigiendo su petici\u00f3n a la direcci\u00f3n postal indicada m\u00e1s arriba o al <strong><u>correo electronico<\/u> <a href=\"mailto:info@canpaletpiteus.cat\">info@canpaletpiteus.cat<\/a>.<\/strong><\/p>\n<p>Podr\u00e1 dirigirse a la Autoridad de Control competente para presentar la reclamaci\u00f3n que considere oportuna, con el envio del formulario de recojida de datos que usted acepta la pol\u00edtica de privacidad de VINOS Y CAVA PITEUS \u2013 S.A.T. 1005 CAT<br \/>\n\t\t<\/div>\n\t\t\t\t\t<\/div>\n\n\t\n<\/div>\n","protected":false},"excerpt":{"rendered":"","protected":false},"author":1,"featured_media":0,"parent":0,"menu_order":0,"comment_status":"closed","ping_status":"closed","template":"","meta":{"footnotes":""},"class_list":["post-976","page","type-page","status-publish","hentry"],"jetpack_shortlink":"https:\/\/wp.me\/PaRJzn-fK","jetpack_sharing_enabled":true,"_links":{"self":[{"href":"https:\/\/canpaletpiteus.com\/es\/wp-json\/wp\/v2\/pages\/976","targetHints":{"allow":["GET"]}}],"collection":[{"href":"https:\/\/canpaletpiteus.com\/es\/wp-json\/wp\/v2\/pages"}],"about":[{"href":"https:\/\/canpaletpiteus.com\/es\/wp-json\/wp\/v2\/types\/page"}],"author":[{"embeddable":true,"href":"https:\/\/canpaletpiteus.com\/es\/wp-json\/wp\/v2\/users\/1"}],"replies":[{"embeddable":true,"href":"https:\/\/canpaletpiteus.com\/es\/wp-json\/wp\/v2\/comments?post=976"}],"version-history":[{"count":10,"href":"https:\/\/canpaletpiteus.com\/es\/wp-json\/wp\/v2\/pages\/976\/revisions"}],"predecessor-version":[{"id":2037,"href":"https:\/\/canpaletpiteus.com\/es\/wp-json\/wp\/v2\/pages\/976\/revisions\/2037"}],"wp:attachment":[{"href":"https:\/\/canpaletpiteus.com\/es\/wp-json\/wp\/v2\/media?parent=976"}],"curies":[{"name":"wp","href":"https:\/\/api.w.org\/{rel}","templated":true}]}}