{"id":1156,"date":"2019-03-25T12:40:05","date_gmt":"2019-03-25T12:40:05","guid":{"rendered":"https:\/\/canpaletpiteus.com\/product\/vi-negre-piteus-2018-vinyes-velles-de-cardona\/"},"modified":"2023-02-27T12:06:30","modified_gmt":"2023-02-27T11:06:30","slug":"vino-tinto-piteus-2018-vinyes-velles-de-cardona","status":"publish","type":"product","link":"https:\/\/canpaletpiteus.com\/es\/product\/vino-tinto-piteus-2018-vinyes-velles-de-cardona\/","title":{"rendered":"Vino tinto Piteus  &#8211; Vinyes Velles de Cardona"},"content":{"rendered":"<p><strong>VARIEDADES:<\/strong><br \/>\nTempranillo , Merlot y Sumoll<\/p>\n<p><strong>GRADUACI\u00d3N ALCOH\u00d3LICA:<\/strong><br \/>\n13% vol<\/p>\n<p><strong>ELABORACI\u00d3N:<\/strong><br \/>\nFermentaci\u00f3n controlada del mosto en contacto con las pells a 24\u00baC durante unos 10 dias. Pasa por barrica de madera unos tres meses para que se estabilice.<br \/>\nTrabajamos con una variedad muy conreada antiguamente en la zona del Bages, el Sumoll . Recuperando el fruto de Vi\u00f1as Viejas de Cardona \u201ccoupage\u201d con el nuestro Tempranillo y Merlot.<\/p>\n<p><strong>NOTA DE CATA:<\/strong><br \/>\nVino de taninos suaves, con buen cuerpo. Predominan los aromas de frutos del bosque. Notas de mora y esp\u00e9cies . \u00c9s un vino f\u00e1cil y muy gustoso , agradable por su frescor.<\/p>\n<p><strong>TEMPERATURA DE SERVICIO<\/strong><br \/>\n12 &#8211; 16\u00baC<\/p>\n","protected":false},"excerpt":{"rendered":"<p>Fermentaci\u00f3n controlada del mosto en contacto con los hollejos a 24\u00baC durante unos 10 d\u00edas. Pasamos por bota de madera unos tres meses para que se estabilice .<\/p>\n","protected":false},"featured_media":1019,"comment_status":"open","ping_status":"closed","template":"","meta":[],"product_brand":[],"product_cat":[90,97],"product_tag":[],"class_list":{"0":"post-1156","1":"product","2":"type-product","3":"status-publish","4":"has-post-thumbnail","6":"product_cat-vinos","7":"product_cat-vinos-tintos","9":"first","10":"instock","11":"shipping-taxable","12":"purchasable","13":"product-type-simple"},"jetpack_sharing_enabled":true,"tiered_pricing_type":"fixed","tiered_pricing_fixed_rules":[],"tiered_pricing_product_settings":{"layout":"default","base_unit_name":{"singular":null,"plural":null},"default_variation":null},"tiered_pricing_minimum_quantity":null,"tiered_pricing_roles_data":[],"tiered_pricing_percentage_rules":[],"_links":{"self":[{"href":"https:\/\/canpaletpiteus.com\/es\/wp-json\/wp\/v2\/product\/1156","targetHints":{"allow":["GET"]}}],"collection":[{"href":"https:\/\/canpaletpiteus.com\/es\/wp-json\/wp\/v2\/product"}],"about":[{"href":"https:\/\/canpaletpiteus.com\/es\/wp-json\/wp\/v2\/types\/product"}],"replies":[{"embeddable":true,"href":"https:\/\/canpaletpiteus.com\/es\/wp-json\/wp\/v2\/comments?post=1156"}],"wp:featuredmedia":[{"embeddable":true,"href":"https:\/\/canpaletpiteus.com\/es\/wp-json\/wp\/v2\/media\/1019"}],"wp:attachment":[{"href":"https:\/\/canpaletpiteus.com\/es\/wp-json\/wp\/v2\/media?parent=1156"}],"wp:term":[{"taxonomy":"product_brand","embeddable":true,"href":"https:\/\/canpaletpiteus.com\/es\/wp-json\/wp\/v2\/product_brand?post=1156"},{"taxonomy":"product_cat","embeddable":true,"href":"https:\/\/canpaletpiteus.com\/es\/wp-json\/wp\/v2\/product_cat?post=1156"},{"taxonomy":"product_tag","embeddable":true,"href":"https:\/\/canpaletpiteus.com\/es\/wp-json\/wp\/v2\/product_tag?post=1156"}],"curies":[{"name":"wp","href":"https:\/\/api.w.org\/{rel}","templated":true}]}}