{"id":1157,"date":"2019-04-30T12:42:25","date_gmt":"2019-04-30T12:42:25","guid":{"rendered":"https:\/\/canpaletpiteus.com\/product\/vi-negre-can-palet-piteus\/"},"modified":"2019-06-07T10:26:36","modified_gmt":"2019-06-07T10:26:36","slug":"vino-tinto-can-palet-piteus","status":"publish","type":"product","link":"https:\/\/canpaletpiteus.com\/es\/product\/vino-tinto-can-palet-piteus\/","title":{"rendered":"Vino tinto \u00abCan Palet\u00bb Piteus"},"content":{"rendered":"<p><strong>VARIEDADES<br \/>\n<\/strong>Cabernet Sauvignon, Merlot y Tempranillo<\/p>\n<p><strong>GRADUACI\u00d3N ALCOH\u00d3LICA<br \/>\n<\/strong>13% vol<\/p>\n<p><strong>ELABORACI\u00d3N<br \/>\n<\/strong>Vino envejecido 8 meses en barrica de roble.<\/p>\n<p><strong>NOTA DE CATA<br \/><\/strong><\/p>\n<p>Color mora profundo, con aromas secund\u00e1rias.<\/p>\n<p>Persist\u00e9ncia en el paladar.<\/p>\n<p>Un vino que no te dejar\u00e1 indiferente.<\/p>\n<p><strong>TEMPERATURA DE SERVICIO<br \/>\n<\/strong>16\u00baC &#8211; 18\u00baC<\/p>\n<p>&nbsp;<\/p>\n","protected":false},"excerpt":{"rendered":"<p>VARIEDADES Cabernet Sauvignon, Merlot y Tempranillo GRADUACI\u00d3N ALCOH\u00d3LICA 13% vol ELABORACI\u00d3N Vino envejecido 8 meses en barrica de roble. NOTA DE CATA Color mora profundo, con aromas secund\u00e1rias. Persist\u00e9ncia en el paladar. Un vino que no te dejar\u00e1 indiferente. TEMPERATURA DE SERVICIO 16\u00baC &#8211; 18\u00baC &nbsp;<\/p>\n","protected":false},"featured_media":826,"comment_status":"open","ping_status":"closed","template":"","meta":[],"product_brand":[],"product_cat":[90,97],"product_tag":[],"class_list":{"0":"post-1157","1":"product","2":"type-product","3":"status-publish","4":"has-post-thumbnail","6":"product_cat-vinos","7":"product_cat-vinos-tintos","9":"first","10":"instock","11":"shipping-taxable","12":"purchasable","13":"product-type-simple"},"jetpack_sharing_enabled":true,"tiered_pricing_type":"fixed","tiered_pricing_fixed_rules":[],"tiered_pricing_product_settings":{"layout":"default","base_unit_name":{"singular":null,"plural":null},"default_variation":null},"tiered_pricing_minimum_quantity":null,"tiered_pricing_roles_data":[],"tiered_pricing_percentage_rules":[],"_links":{"self":[{"href":"https:\/\/canpaletpiteus.com\/es\/wp-json\/wp\/v2\/product\/1157","targetHints":{"allow":["GET"]}}],"collection":[{"href":"https:\/\/canpaletpiteus.com\/es\/wp-json\/wp\/v2\/product"}],"about":[{"href":"https:\/\/canpaletpiteus.com\/es\/wp-json\/wp\/v2\/types\/product"}],"replies":[{"embeddable":true,"href":"https:\/\/canpaletpiteus.com\/es\/wp-json\/wp\/v2\/comments?post=1157"}],"wp:featuredmedia":[{"embeddable":true,"href":"https:\/\/canpaletpiteus.com\/es\/wp-json\/wp\/v2\/media\/826"}],"wp:attachment":[{"href":"https:\/\/canpaletpiteus.com\/es\/wp-json\/wp\/v2\/media?parent=1157"}],"wp:term":[{"taxonomy":"product_brand","embeddable":true,"href":"https:\/\/canpaletpiteus.com\/es\/wp-json\/wp\/v2\/product_brand?post=1157"},{"taxonomy":"product_cat","embeddable":true,"href":"https:\/\/canpaletpiteus.com\/es\/wp-json\/wp\/v2\/product_cat?post=1157"},{"taxonomy":"product_tag","embeddable":true,"href":"https:\/\/canpaletpiteus.com\/es\/wp-json\/wp\/v2\/product_tag?post=1157"}],"curies":[{"name":"wp","href":"https:\/\/api.w.org\/{rel}","templated":true}]}}