{"id":1158,"date":"2014-08-09T21:11:51","date_gmt":"2014-08-09T21:11:51","guid":{"rendered":"https:\/\/canpaletpiteus.com\/product\/vi-negre-piteus-2017\/"},"modified":"2023-10-03T17:58:02","modified_gmt":"2023-10-03T15:58:02","slug":"vino-tinto-piteus-2017","status":"publish","type":"product","link":"https:\/\/canpaletpiteus.com\/es\/product\/vino-tinto-piteus-2017\/","title":{"rendered":"Vino tinto Piteus"},"content":{"rendered":"<p><strong>VARIEDADES<\/strong><br \/>\nCabernet Sauvignon, Merlot y Tempranillo<\/p>\n<p><strong>GRADUACI\u00d3N ALCOH\u00d3LICA<\/strong><br \/>\n13% vol<\/p>\n<p><strong>ELABORACI\u00d3N<\/strong><br \/>\nEste vino exige por su caracter organoleptico, un comentario a\u00f1adido, ya que se a creado con la nueva idea de elaboraci\u00f3n que devuelve a los or\u00edgenes, pensando con el futuro y en la tradici\u00f3n todo mejorando la tecnica y el tratamiento.<br \/>\nLos elaboradores hemos hecho un vino con la personalidad de la terra, es decir, respetando y potenciando las caracter\u00edsticas del clima y del suelo.<\/p>\n<p>Vino envejecido 10 meses en barrica de roble.<\/p>\n<p><strong>NOTA DE CATA<\/strong><br \/>\nColor m\u00f3ra profundo, capa alta brillante, limpio.<br \/>\nAromas complejas,intensas y duradoras, de esp\u00e9cies y de compotas.<br \/>\nBuen bouquet. Gustoso y intenso, con car\u00e1cter, perlongado, destacando unos taninos suaves.<br \/>\nVino en capacidad de envejecimiento, que se equilibrar\u00e1 del todo con el tiempo. Pero apto ya para degustar, debido al equilibrio adquirido por la variedad Tempranillo.<\/p>\n<p><strong>TEMPERATURA DE SERVICIO<\/strong><br \/>\n16 &#8211; 18\u00baC<\/p>\n","protected":false},"excerpt":{"rendered":"<p>Este vino exige por su caracter organoleptico, un comentario a\u00f1adido, ya que se a creado con la nueva idea de elaboraci\u00f3n que devuelve a los or\u00edgenes, pensando con el futuro y en la tradici\u00f3n todo mejorando la tecnica y el tratamiento.<\/p>\n","protected":false},"featured_media":1018,"comment_status":"open","ping_status":"closed","template":"","meta":[],"product_brand":[],"product_cat":[90,97],"product_tag":[],"class_list":{"0":"post-1158","1":"product","2":"type-product","3":"status-publish","4":"has-post-thumbnail","6":"product_cat-vinos","7":"product_cat-vinos-tintos","9":"first","10":"instock","11":"shipping-taxable","12":"purchasable","13":"product-type-simple"},"jetpack_sharing_enabled":true,"tiered_pricing_type":"fixed","tiered_pricing_fixed_rules":[],"tiered_pricing_product_settings":{"layout":"default","base_unit_name":{"singular":null,"plural":null},"default_variation":null},"tiered_pricing_minimum_quantity":null,"tiered_pricing_roles_data":[],"tiered_pricing_percentage_rules":[],"_links":{"self":[{"href":"https:\/\/canpaletpiteus.com\/es\/wp-json\/wp\/v2\/product\/1158","targetHints":{"allow":["GET"]}}],"collection":[{"href":"https:\/\/canpaletpiteus.com\/es\/wp-json\/wp\/v2\/product"}],"about":[{"href":"https:\/\/canpaletpiteus.com\/es\/wp-json\/wp\/v2\/types\/product"}],"replies":[{"embeddable":true,"href":"https:\/\/canpaletpiteus.com\/es\/wp-json\/wp\/v2\/comments?post=1158"}],"wp:featuredmedia":[{"embeddable":true,"href":"https:\/\/canpaletpiteus.com\/es\/wp-json\/wp\/v2\/media\/1018"}],"wp:attachment":[{"href":"https:\/\/canpaletpiteus.com\/es\/wp-json\/wp\/v2\/media?parent=1158"}],"wp:term":[{"taxonomy":"product_brand","embeddable":true,"href":"https:\/\/canpaletpiteus.com\/es\/wp-json\/wp\/v2\/product_brand?post=1158"},{"taxonomy":"product_cat","embeddable":true,"href":"https:\/\/canpaletpiteus.com\/es\/wp-json\/wp\/v2\/product_cat?post=1158"},{"taxonomy":"product_tag","embeddable":true,"href":"https:\/\/canpaletpiteus.com\/es\/wp-json\/wp\/v2\/product_tag?post=1158"}],"curies":[{"name":"wp","href":"https:\/\/api.w.org\/{rel}","templated":true}]}}