{"id":1218,"date":"2019-04-30T12:58:00","date_gmt":"2019-04-30T12:58:00","guid":{"rendered":"https:\/\/canpaletpiteus.com\/product\/vino-blanco-piteus-etiqueta-cardona\/"},"modified":"2019-06-11T09:03:06","modified_gmt":"2019-06-11T09:03:06","slug":"vino-blanco-piteus-etiqueta-cardona","status":"publish","type":"product","link":"https:\/\/canpaletpiteus.com\/es\/product\/vino-blanco-piteus-etiqueta-cardona\/","title":{"rendered":"Vino Blanco Piteus &#8211; Etiqueta Cardona"},"content":{"rendered":"<p><strong>Variedades:<\/strong><br \/>\nMacabeu y Muscat<\/p>\n<p>Notas de frutas , sensaci\u00f3n de frescor y juventud.<\/p>\n<p>Sabor con una estructura \u00e1cida.<\/p>\n<p>Fondo de manzana verde y pi\u00f1a.<\/p>\n<p>Amable persistencia al paladar.<\/p>\n","protected":false},"excerpt":{"rendered":"<p>Variedades: Macabeu y Muscat Notas de frutas , sensaci\u00f3n de frescor y juventud. Sabor con una estructura \u00e1cida. Fondo de manzana verde y pi\u00f1a. Amable persistencia al paladar.<\/p>\n","protected":false},"featured_media":832,"comment_status":"open","ping_status":"closed","template":"","meta":[],"product_brand":[],"product_cat":[90,96],"product_tag":[],"class_list":{"0":"post-1218","1":"product","2":"type-product","3":"status-publish","4":"has-post-thumbnail","6":"product_cat-vinos","7":"product_cat-vinos-blancos","9":"first","10":"instock","11":"shipping-taxable","12":"purchasable","13":"product-type-simple"},"jetpack_sharing_enabled":true,"tiered_pricing_type":"fixed","tiered_pricing_fixed_rules":[],"tiered_pricing_product_settings":{"layout":"default","base_unit_name":{"singular":null,"plural":null},"default_variation":null},"tiered_pricing_minimum_quantity":null,"tiered_pricing_roles_data":[],"tiered_pricing_percentage_rules":[],"_links":{"self":[{"href":"https:\/\/canpaletpiteus.com\/es\/wp-json\/wp\/v2\/product\/1218","targetHints":{"allow":["GET"]}}],"collection":[{"href":"https:\/\/canpaletpiteus.com\/es\/wp-json\/wp\/v2\/product"}],"about":[{"href":"https:\/\/canpaletpiteus.com\/es\/wp-json\/wp\/v2\/types\/product"}],"replies":[{"embeddable":true,"href":"https:\/\/canpaletpiteus.com\/es\/wp-json\/wp\/v2\/comments?post=1218"}],"wp:featuredmedia":[{"embeddable":true,"href":"https:\/\/canpaletpiteus.com\/es\/wp-json\/wp\/v2\/media\/832"}],"wp:attachment":[{"href":"https:\/\/canpaletpiteus.com\/es\/wp-json\/wp\/v2\/media?parent=1218"}],"wp:term":[{"taxonomy":"product_brand","embeddable":true,"href":"https:\/\/canpaletpiteus.com\/es\/wp-json\/wp\/v2\/product_brand?post=1218"},{"taxonomy":"product_cat","embeddable":true,"href":"https:\/\/canpaletpiteus.com\/es\/wp-json\/wp\/v2\/product_cat?post=1218"},{"taxonomy":"product_tag","embeddable":true,"href":"https:\/\/canpaletpiteus.com\/es\/wp-json\/wp\/v2\/product_tag?post=1218"}],"curies":[{"name":"wp","href":"https:\/\/api.w.org\/{rel}","templated":true}]}}