{"id":1219,"date":"2019-04-30T12:55:33","date_gmt":"2019-04-30T12:55:33","guid":{"rendered":"https:\/\/canpaletpiteus.com\/product\/vino-tinto-piteus-etiqueta-cardona\/"},"modified":"2019-06-11T09:01:24","modified_gmt":"2019-06-11T09:01:24","slug":"vino-tinto-piteus-etiqueta-cardona","status":"publish","type":"product","link":"https:\/\/canpaletpiteus.com\/es\/product\/vino-tinto-piteus-etiqueta-cardona\/","title":{"rendered":"Vino tinto Piteus &#8211; Etiqueta Cardona"},"content":{"rendered":"<p>Vino selecionado de nuestras mejores vi\u00f1as con un largo envejecimiento en madera de roble.<\/p>\n<p>Este vino exige por su caracter organoleptico, un comentario a\u00f1adido, ya que se a creado con la nueva idea de elaboraci\u00f3n que devuelve a los or\u00edgenes, pensando con el futuro y en la tradici\u00f3n todo mejorando la tecnica y el tratamiento.<\/p>\n<p>Los elaboradores hemos hecho un vino con la personalidad de la terra, es decir, respetando y potenciando las caracter\u00edsticas del clima y del suelo.<\/p>\n<p>Color m\u00f3ra profundo, capa alta brillante, limpio.<\/p>\n<p>Aromas complejas,intensas y duradoras, de esp\u00e9cies y de compotas.<\/p>\n<p>Buen bouquet. Gustoso y intenso, con car\u00e1cter, perlongado, destacando unos taninos suaves.<\/p>\n<p>Vino en capacidad de envejecimiento, que se equilibrar\u00e1 del todo con el tiempo. Pero apto ya para degustar, debido al equilibrio adquirido por la variedad Tempranillo .<\/p>\n","protected":false},"excerpt":{"rendered":"<p>Vino selecionado de nuestras mejores vi\u00f1as con un largo envejecimiento en madera de roble. Este vino exige por su caracter organoleptico, un comentario a\u00f1adido, ya que se a creado con la nueva idea de elaboraci\u00f3n que devuelve a los or\u00edgenes, pensando con el futuro y en la tradici\u00f3n todo mejorando la tecnica y el tratamiento. [&#8230;]\n","protected":false},"featured_media":829,"comment_status":"open","ping_status":"closed","template":"","meta":[],"product_brand":[],"product_cat":[90,97],"product_tag":[],"class_list":{"0":"post-1219","1":"product","2":"type-product","3":"status-publish","4":"has-post-thumbnail","6":"product_cat-vinos","7":"product_cat-vinos-tintos","9":"first","10":"instock","11":"shipping-taxable","12":"purchasable","13":"product-type-simple"},"jetpack_sharing_enabled":true,"tiered_pricing_type":"fixed","tiered_pricing_fixed_rules":[],"tiered_pricing_product_settings":{"layout":"default","base_unit_name":{"singular":null,"plural":null},"default_variation":null},"tiered_pricing_minimum_quantity":null,"tiered_pricing_roles_data":[],"tiered_pricing_percentage_rules":[],"_links":{"self":[{"href":"https:\/\/canpaletpiteus.com\/es\/wp-json\/wp\/v2\/product\/1219","targetHints":{"allow":["GET"]}}],"collection":[{"href":"https:\/\/canpaletpiteus.com\/es\/wp-json\/wp\/v2\/product"}],"about":[{"href":"https:\/\/canpaletpiteus.com\/es\/wp-json\/wp\/v2\/types\/product"}],"replies":[{"embeddable":true,"href":"https:\/\/canpaletpiteus.com\/es\/wp-json\/wp\/v2\/comments?post=1219"}],"wp:featuredmedia":[{"embeddable":true,"href":"https:\/\/canpaletpiteus.com\/es\/wp-json\/wp\/v2\/media\/829"}],"wp:attachment":[{"href":"https:\/\/canpaletpiteus.com\/es\/wp-json\/wp\/v2\/media?parent=1219"}],"wp:term":[{"taxonomy":"product_brand","embeddable":true,"href":"https:\/\/canpaletpiteus.com\/es\/wp-json\/wp\/v2\/product_brand?post=1219"},{"taxonomy":"product_cat","embeddable":true,"href":"https:\/\/canpaletpiteus.com\/es\/wp-json\/wp\/v2\/product_cat?post=1219"},{"taxonomy":"product_tag","embeddable":true,"href":"https:\/\/canpaletpiteus.com\/es\/wp-json\/wp\/v2\/product_tag?post=1219"}],"curies":[{"name":"wp","href":"https:\/\/api.w.org\/{rel}","templated":true}]}}