{"id":1781,"date":"2020-01-29T09:33:06","date_gmt":"2020-02-13T12:46:42","guid":{"rendered":"https:\/\/canpaletpiteus.com\/?post_type=product&#038;p=1781"},"modified":"2020-04-24T16:31:51","modified_gmt":"2020-04-24T14:31:51","slug":"vino-blanco-piteus-chardonnay","status":"publish","type":"product","link":"https:\/\/canpaletpiteus.com\/es\/product\/vino-blanco-piteus-chardonnay\/","title":{"rendered":"Vino Blanco Piteus Chardonnay"},"content":{"rendered":"<p><strong>VARIEDADES<\/strong><\/p>\n<p>Chardonnay<\/p>\n<p><strong>GRADUACI\u00d3N ALCOH\u00d2LICA<\/strong><\/p>\n<p>12% vol<\/p>\n<p><strong>ELABORACI\u00d3N<\/strong><\/p>\n<p>Este vino es un monovarietal de Chardonnay (100%)<br \/>\nprocedentes de vi\u00f1edos propios.<br \/>\nFermentaci\u00f3n controlada<\/p>\n<p><strong>NOTA DE CATA<\/strong><\/p>\n<p>Color amarillo p\u00e1lido con reflejos verdosos. Limpio y<br \/>\nbrillante.<br \/>\nEn nariz se presenta muy expresivo, con intensa fruta blanca junto a aromas intensos a melocot\u00f3n, albaricoque, frutas tropicales (lim\u00f3n y lima).<br \/>\nTambi\u00e9n aparecen aromas a flores y un sutil fondo<br \/>\nmineral.<br \/>\nEn boca presenta una entrada amplia y<br \/>\nvoluminosa. Es un vino suave, sabroso y muy<br \/>\nfresco. Acidez marcada y final correcto.<\/p>\n<p><strong>TEMPERATURA DE SERVICIO<\/strong><\/p>\n<p>6 &#8211; 8\u00baC<\/p>\n<p><strong>PRESENTACI\u00d3N<\/strong><br \/>\nBOTELLA: Bordelesa borgo\u00f1a<br \/>\nTAP\u00d3N: tap\u00f3n de ca\u00f1a de az\u00facar<\/p>\n<p><strong>CAJA<\/strong><br \/>\n6 botellas de 75 cl.<br \/>\nPeso &#8211; 8,20 Kg. Altura- 33 cm. Ancho\u2013 15 cm. Largp &#8211; 23 cm.<\/p>\n","protected":false},"excerpt":{"rendered":"<p>VARIEDADES Chardonnay GRADUACI\u00d3N ALCOH\u00d2LICA 12% vol ELABORACI\u00d3N Este vino es un monovarietal de Chardonnay (100%) procedentes de vi\u00f1edos propios. Fermentaci\u00f3n controlada NOTA DE CATA Color amarillo p\u00e1lido con reflejos verdosos. Limpio y brillante. En nariz se presenta muy expresivo, con intensa fruta blanca junto a aromas intensos a melocot\u00f3n, albaricoque, frutas tropicales (lim\u00f3n y lima). [&#8230;]\n","protected":false},"featured_media":1780,"comment_status":"open","ping_status":"closed","template":"","meta":[],"product_brand":[],"product_cat":[90,96],"product_tag":[],"class_list":{"0":"post-1781","1":"product","2":"type-product","3":"status-publish","4":"has-post-thumbnail","6":"product_cat-vinos","7":"product_cat-vinos-blancos","9":"first","10":"instock","11":"shipping-taxable","12":"purchasable","13":"product-type-simple"},"jetpack_sharing_enabled":true,"tiered_pricing_type":"fixed","tiered_pricing_fixed_rules":[],"tiered_pricing_product_settings":{"layout":"default","base_unit_name":{"singular":null,"plural":null},"default_variation":null},"tiered_pricing_minimum_quantity":null,"tiered_pricing_roles_data":[],"tiered_pricing_percentage_rules":[],"_links":{"self":[{"href":"https:\/\/canpaletpiteus.com\/es\/wp-json\/wp\/v2\/product\/1781","targetHints":{"allow":["GET"]}}],"collection":[{"href":"https:\/\/canpaletpiteus.com\/es\/wp-json\/wp\/v2\/product"}],"about":[{"href":"https:\/\/canpaletpiteus.com\/es\/wp-json\/wp\/v2\/types\/product"}],"replies":[{"embeddable":true,"href":"https:\/\/canpaletpiteus.com\/es\/wp-json\/wp\/v2\/comments?post=1781"}],"wp:featuredmedia":[{"embeddable":true,"href":"https:\/\/canpaletpiteus.com\/es\/wp-json\/wp\/v2\/media\/1780"}],"wp:attachment":[{"href":"https:\/\/canpaletpiteus.com\/es\/wp-json\/wp\/v2\/media?parent=1781"}],"wp:term":[{"taxonomy":"product_brand","embeddable":true,"href":"https:\/\/canpaletpiteus.com\/es\/wp-json\/wp\/v2\/product_brand?post=1781"},{"taxonomy":"product_cat","embeddable":true,"href":"https:\/\/canpaletpiteus.com\/es\/wp-json\/wp\/v2\/product_cat?post=1781"},{"taxonomy":"product_tag","embeddable":true,"href":"https:\/\/canpaletpiteus.com\/es\/wp-json\/wp\/v2\/product_tag?post=1781"}],"curies":[{"name":"wp","href":"https:\/\/api.w.org\/{rel}","templated":true}]}}