{"id":988,"date":"2014-06-09T21:48:15","date_gmt":"2014-06-09T21:48:15","guid":{"rendered":"https:\/\/canpaletpiteus.com\/product\/cava\/"},"modified":"2021-06-09T15:14:17","modified_gmt":"2021-06-09T13:14:17","slug":"cava","status":"publish","type":"product","link":"https:\/\/canpaletpiteus.com\/es\/product\/cava\/","title":{"rendered":"Cava"},"content":{"rendered":"<div class=\"row\"  id=\"row-1096541701\">\n\n\t<div id=\"col-1879649441\" class=\"col medium-6 small-12 large-6\"  >\n\t\t\t\t<div class=\"col-inner\"  >\n\t\t\t\n\t\t\t\n\t<div class=\"img has-hover x md-x lg-x y md-y lg-y\" id=\"image_80152779\">\n\t\t\t\t\t\t\t\t<div class=\"img-inner dark\" >\n\t\t\t<img loading=\"lazy\" decoding=\"async\" width=\"523\" height=\"800\" src=\"https:\/\/canpaletpiteus.com\/wp-content\/uploads\/2021\/06\/MEDALLA-PLATA-CAVA-1-523x800.jpg\" class=\"attachment-large size-large\" alt=\"\" srcset=\"https:\/\/canpaletpiteus.com\/wp-content\/uploads\/2021\/06\/MEDALLA-PLATA-CAVA-1-523x800.jpg 523w, https:\/\/canpaletpiteus.com\/wp-content\/uploads\/2021\/06\/MEDALLA-PLATA-CAVA-1-261x400.jpg 261w, https:\/\/canpaletpiteus.com\/wp-content\/uploads\/2021\/06\/MEDALLA-PLATA-CAVA-1-400x612.jpg 400w, https:\/\/canpaletpiteus.com\/wp-content\/uploads\/2021\/06\/MEDALLA-PLATA-CAVA-1.jpg 669w\" sizes=\"auto, (max-width: 523px) 100vw, 523px\" data-attachment-id=\"2422\" data-permalink=\"https:\/\/canpaletpiteus.com\/es\/?attachment_id=2422\" data-orig-file=\"https:\/\/canpaletpiteus.com\/wp-content\/uploads\/2021\/06\/MEDALLA-PLATA-CAVA-1.jpg\" data-orig-size=\"669,1024\" data-comments-opened=\"1\" data-image-meta=\"{&quot;aperture&quot;:&quot;0&quot;,&quot;credit&quot;:&quot;&quot;,&quot;camera&quot;:&quot;&quot;,&quot;caption&quot;:&quot;&quot;,&quot;created_timestamp&quot;:&quot;0&quot;,&quot;copyright&quot;:&quot;&quot;,&quot;focal_length&quot;:&quot;0&quot;,&quot;iso&quot;:&quot;0&quot;,&quot;shutter_speed&quot;:&quot;0&quot;,&quot;title&quot;:&quot;&quot;,&quot;orientation&quot;:&quot;0&quot;}\" data-image-title=\"MEDALLA PLATA CAVA 1\" data-image-description=\"\" data-image-caption=\"\" data-medium-file=\"https:\/\/canpaletpiteus.com\/wp-content\/uploads\/2021\/06\/MEDALLA-PLATA-CAVA-1-261x400.jpg\" data-large-file=\"https:\/\/canpaletpiteus.com\/wp-content\/uploads\/2021\/06\/MEDALLA-PLATA-CAVA-1-523x800.jpg\" \/>\t\t\t\t\t\t\n\t\t\t\t\t<\/div>\n\t\t\t\t\t\t\t\t\n<style>\n#image_80152779 {\n  width: 100%;\n}\n<\/style>\n\t<\/div>\n\t\n\t\t<\/div>\n\t\t\t\t\t<\/div>\n\n\t\n\n\t<div id=\"col-1245016617\" class=\"col medium-6 small-12 large-6\"  >\n\t\t\t\t<div class=\"col-inner\"  >\n\t\t\t\n\t\t\t\n\t<div class=\"img has-hover x md-x lg-x y md-y lg-y\" id=\"image_1483031944\">\n\t\t\t\t\t\t\t\t<div class=\"img-inner dark\" >\n\t\t\t<img loading=\"lazy\" decoding=\"async\" width=\"592\" height=\"800\" src=\"https:\/\/canpaletpiteus.com\/wp-content\/uploads\/2021\/06\/MEDALLA-PLATA-CAVA-2-592x800.jpg\" class=\"attachment-large size-large\" alt=\"\" srcset=\"https:\/\/canpaletpiteus.com\/wp-content\/uploads\/2021\/06\/MEDALLA-PLATA-CAVA-2-592x800.jpg 592w, https:\/\/canpaletpiteus.com\/wp-content\/uploads\/2021\/06\/MEDALLA-PLATA-CAVA-2-296x400.jpg 296w, https:\/\/canpaletpiteus.com\/wp-content\/uploads\/2021\/06\/MEDALLA-PLATA-CAVA-2-400x540.jpg 400w, https:\/\/canpaletpiteus.com\/wp-content\/uploads\/2021\/06\/MEDALLA-PLATA-CAVA-2.jpg 758w\" sizes=\"auto, (max-width: 592px) 100vw, 592px\" data-attachment-id=\"2425\" data-permalink=\"https:\/\/canpaletpiteus.com\/es\/?attachment_id=2425\" data-orig-file=\"https:\/\/canpaletpiteus.com\/wp-content\/uploads\/2021\/06\/MEDALLA-PLATA-CAVA-2.jpg\" data-orig-size=\"758,1024\" data-comments-opened=\"1\" data-image-meta=\"{&quot;aperture&quot;:&quot;0&quot;,&quot;credit&quot;:&quot;&quot;,&quot;camera&quot;:&quot;&quot;,&quot;caption&quot;:&quot;&quot;,&quot;created_timestamp&quot;:&quot;0&quot;,&quot;copyright&quot;:&quot;&quot;,&quot;focal_length&quot;:&quot;0&quot;,&quot;iso&quot;:&quot;0&quot;,&quot;shutter_speed&quot;:&quot;0&quot;,&quot;title&quot;:&quot;&quot;,&quot;orientation&quot;:&quot;0&quot;}\" data-image-title=\"MEDALLA PLATA CAVA 2\" data-image-description=\"\" data-image-caption=\"\" data-medium-file=\"https:\/\/canpaletpiteus.com\/wp-content\/uploads\/2021\/06\/MEDALLA-PLATA-CAVA-2-296x400.jpg\" data-large-file=\"https:\/\/canpaletpiteus.com\/wp-content\/uploads\/2021\/06\/MEDALLA-PLATA-CAVA-2-592x800.jpg\" \/>\t\t\t\t\t\t\n\t\t\t\t\t<\/div>\n\t\t\t\t\t\t\t\t\n<style>\n#image_1483031944 {\n  width: 100%;\n}\n<\/style>\n\t<\/div>\n\t\n\t\t<\/div>\n\t\t\t\t\t<\/div>\n\n\t\n<\/div>\n<p><strong>VARIEDADES<\/strong><\/p>\n<p>Xarel-lo , Macabeu i Parellada<\/p>\n<p><strong>GRADUACI\u00d3N ALCOH\u00d3LICA<\/strong><\/p>\n<p>11% vol<\/p>\n<p><strong>ELABORACI\u00d3N<\/strong><\/p>\n<p>Cava elaborado seg\u00fan el m\u00e8tode tradicional de fermentaci\u00f3n en botella y envejecimiento en la cava 12 \/ 18 meses.<\/p>\n<p><strong>NOTA DE CATA<\/strong><\/p>\n<p>Buena formaci\u00f3n de espuma, corona fina y elegante, y burbuja peque\u00f1a.<br \/>\nBuen recorrido en boca , de post-gusto largo y agradable.<br \/>\nIntensidad arom\u00e1tica fresca y con recuerdos a fruta blanca.<\/p>\n<p><strong>TEMPERATURA DE SERVEI<\/strong><\/p>\n<p>4 &#8211; 6\u00baC<\/p>\n<p>&nbsp;<\/p>\n<p>&nbsp;<\/p>\n<p class=\"jetpack-slideshow-noscript robots-nocontent\">El pase de diapositivas requiere JavaScript.<\/p><div id=\"gallery-988-1-slideshow\" class=\"jetpack-slideshow-window jetpack-slideshow jetpack-slideshow-black\" data-trans=\"fade\" data-autostart=\"1\" data-gallery=\"[{&quot;src&quot;:&quot;https:\\\/\\\/canpaletpiteus.com\\\/wp-content\\\/uploads\\\/2014\\\/06\\\/IMG_20200925_095159.jpg&quot;,&quot;id&quot;:&quot;1858&quot;,&quot;title&quot;:&quot;IMG_20200925_095159&quot;,&quot;alt&quot;:&quot;&quot;,&quot;caption&quot;:&quot;&quot;,&quot;itemprop&quot;:&quot;image&quot;},{&quot;src&quot;:&quot;https:\\\/\\\/canpaletpiteus.com\\\/wp-content\\\/uploads\\\/2014\\\/06\\\/IMG_20200925_104727.jpg&quot;,&quot;id&quot;:&quot;1876&quot;,&quot;title&quot;:&quot;IMG_20200925_104727&quot;,&quot;alt&quot;:&quot;&quot;,&quot;caption&quot;:&quot;&quot;,&quot;itemprop&quot;:&quot;image&quot;},{&quot;src&quot;:&quot;https:\\\/\\\/canpaletpiteus.com\\\/wp-content\\\/uploads\\\/2014\\\/06\\\/IMG_20200925_105259.jpg&quot;,&quot;id&quot;:&quot;1878&quot;,&quot;title&quot;:&quot;IMG_20200925_105259&quot;,&quot;alt&quot;:&quot;&quot;,&quot;caption&quot;:&quot;&quot;,&quot;itemprop&quot;:&quot;image&quot;},{&quot;src&quot;:&quot;https:\\\/\\\/canpaletpiteus.com\\\/wp-content\\\/uploads\\\/2014\\\/06\\\/IMG-20190711-WA0009.jpg&quot;,&quot;id&quot;:&quot;1678&quot;,&quot;title&quot;:&quot;IMG-20190711-WA0009&quot;,&quot;alt&quot;:&quot;&quot;,&quot;caption&quot;:&quot;&quot;,&quot;itemprop&quot;:&quot;image&quot;},{&quot;src&quot;:&quot;https:\\\/\\\/canpaletpiteus.com\\\/wp-content\\\/uploads\\\/2014\\\/06\\\/8004149177_5a43367e37_b.jpg&quot;,&quot;id&quot;:&quot;1884&quot;,&quot;title&quot;:&quot;8004149177_5a43367e37_b&quot;,&quot;alt&quot;:&quot;&quot;,&quot;caption&quot;:&quot;&quot;,&quot;itemprop&quot;:&quot;image&quot;},{&quot;src&quot;:&quot;https:\\\/\\\/canpaletpiteus.com\\\/wp-content\\\/uploads\\\/2014\\\/06\\\/IMG_20200925_104513.jpg&quot;,&quot;id&quot;:&quot;1874&quot;,&quot;title&quot;:&quot;IMG_20200925_104513&quot;,&quot;alt&quot;:&quot;&quot;,&quot;caption&quot;:&quot;&quot;,&quot;itemprop&quot;:&quot;image&quot;},{&quot;src&quot;:&quot;https:\\\/\\\/canpaletpiteus.com\\\/wp-content\\\/uploads\\\/2014\\\/06\\\/IMG_20200925_104500.jpg&quot;,&quot;id&quot;:&quot;1872&quot;,&quot;title&quot;:&quot;IMG_20200925_104500&quot;,&quot;alt&quot;:&quot;&quot;,&quot;caption&quot;:&quot;&quot;,&quot;itemprop&quot;:&quot;image&quot;},{&quot;src&quot;:&quot;https:\\\/\\\/canpaletpiteus.com\\\/wp-content\\\/uploads\\\/2014\\\/06\\\/IMG_20200925_102517.jpg&quot;,&quot;id&quot;:&quot;1868&quot;,&quot;title&quot;:&quot;IMG_20200925_102517&quot;,&quot;alt&quot;:&quot;&quot;,&quot;caption&quot;:&quot;&quot;,&quot;itemprop&quot;:&quot;image&quot;},{&quot;src&quot;:&quot;https:\\\/\\\/canpaletpiteus.com\\\/wp-content\\\/uploads\\\/2014\\\/06\\\/IMG_20200925_104206.jpg&quot;,&quot;id&quot;:&quot;1870&quot;,&quot;title&quot;:&quot;IMG_20200925_104206&quot;,&quot;alt&quot;:&quot;&quot;,&quot;caption&quot;:&quot;&quot;,&quot;itemprop&quot;:&quot;image&quot;},{&quot;src&quot;:&quot;https:\\\/\\\/canpaletpiteus.com\\\/wp-content\\\/uploads\\\/2014\\\/06\\\/unnamed.jpg&quot;,&quot;id&quot;:&quot;1888&quot;,&quot;title&quot;:&quot;unnamed&quot;,&quot;alt&quot;:&quot;&quot;,&quot;caption&quot;:&quot;&quot;,&quot;itemprop&quot;:&quot;image&quot;},{&quot;src&quot;:&quot;https:\\\/\\\/canpaletpiteus.com\\\/wp-content\\\/uploads\\\/2019\\\/07\\\/IMG-20190608-WA0041.jpg&quot;,&quot;id&quot;:&quot;1310&quot;,&quot;title&quot;:&quot;IMG-20190608-WA0041&quot;,&quot;alt&quot;:&quot;&quot;,&quot;caption&quot;:&quot;&quot;,&quot;itemprop&quot;:&quot;image&quot;},{&quot;src&quot;:&quot;https:\\\/\\\/canpaletpiteus.com\\\/wp-content\\\/uploads\\\/2014\\\/06\\\/IMG-20190711-WA0012.jpg&quot;,&quot;id&quot;:&quot;1680&quot;,&quot;title&quot;:&quot;IMG-20190711-WA0012&quot;,&quot;alt&quot;:&quot;&quot;,&quot;caption&quot;:&quot;&quot;,&quot;itemprop&quot;:&quot;image&quot;},{&quot;src&quot;:&quot;https:\\\/\\\/canpaletpiteus.com\\\/wp-content\\\/uploads\\\/2014\\\/06\\\/6095602311_1867571cf3_b.jpg&quot;,&quot;id&quot;:&quot;1882&quot;,&quot;title&quot;:&quot;6095602311_1867571cf3_b&quot;,&quot;alt&quot;:&quot;&quot;,&quot;caption&quot;:&quot;&quot;,&quot;itemprop&quot;:&quot;image&quot;},{&quot;src&quot;:&quot;https:\\\/\\\/canpaletpiteus.com\\\/wp-content\\\/uploads\\\/2014\\\/06\\\/IMG_20200925_102504.jpg&quot;,&quot;id&quot;:&quot;1866&quot;,&quot;title&quot;:&quot;IMG_20200925_102504&quot;,&quot;alt&quot;:&quot;&quot;,&quot;caption&quot;:&quot;&quot;,&quot;itemprop&quot;:&quot;image&quot;},{&quot;src&quot;:&quot;https:\\\/\\\/canpaletpiteus.com\\\/wp-content\\\/uploads\\\/2014\\\/06\\\/7.-Maduraci\\u00f3-del-macabeu.jpg&quot;,&quot;id&quot;:&quot;1880&quot;,&quot;title&quot;:&quot;7.-Maduraci\\u00f3-del-macabeu&quot;,&quot;alt&quot;:&quot;&quot;,&quot;caption&quot;:&quot;&quot;,&quot;itemprop&quot;:&quot;image&quot;},{&quot;src&quot;:&quot;https:\\\/\\\/canpaletpiteus.com\\\/wp-content\\\/uploads\\\/2014\\\/06\\\/IMG_20200925_095303.jpg&quot;,&quot;id&quot;:&quot;1862&quot;,&quot;title&quot;:&quot;IMG_20200925_095303&quot;,&quot;alt&quot;:&quot;&quot;,&quot;caption&quot;:&quot;&quot;,&quot;itemprop&quot;:&quot;image&quot;},{&quot;src&quot;:&quot;https:\\\/\\\/canpaletpiteus.com\\\/wp-content\\\/uploads\\\/2019\\\/02\\\/canpalet-principal-slider05.jpg&quot;,&quot;id&quot;:&quot;1000&quot;,&quot;title&quot;:&quot;canpalet-principal-slider05&quot;,&quot;alt&quot;:&quot;&quot;,&quot;caption&quot;:&quot;&quot;,&quot;itemprop&quot;:&quot;image&quot;},{&quot;src&quot;:&quot;https:\\\/\\\/canpaletpiteus.com\\\/wp-content\\\/uploads\\\/2014\\\/06\\\/IMG_20200925_095323.jpg&quot;,&quot;id&quot;:&quot;1864&quot;,&quot;title&quot;:&quot;IMG_20200925_095323&quot;,&quot;alt&quot;:&quot;&quot;,&quot;caption&quot;:&quot;&quot;,&quot;itemprop&quot;:&quot;image&quot;},{&quot;src&quot;:&quot;https:\\\/\\\/canpaletpiteus.com\\\/wp-content\\\/uploads\\\/2014\\\/06\\\/IMG_20200925_095223.jpg&quot;,&quot;id&quot;:&quot;1860&quot;,&quot;title&quot;:&quot;IMG_20200925_095223&quot;,&quot;alt&quot;:&quot;&quot;,&quot;caption&quot;:&quot;&quot;,&quot;itemprop&quot;:&quot;image&quot;},{&quot;src&quot;:&quot;https:\\\/\\\/canpaletpiteus.com\\\/wp-content\\\/uploads\\\/2014\\\/06\\\/PARELLADA-vertical-1-933x430-1.jpg&quot;,&quot;id&quot;:&quot;1886&quot;,&quot;title&quot;:&quot;PARELLADA-vertical-1-933\\u0026#215;430&quot;,&quot;alt&quot;:&quot;&quot;,&quot;caption&quot;:&quot;&quot;,&quot;itemprop&quot;:&quot;image&quot;}]\" itemscope itemtype=\"https:\/\/schema.org\/ImageGallery\"><\/div>\n","protected":false},"excerpt":{"rendered":"<p>En sant Sadurn\u00ed d&#8217;Anoia disponemos de una nave para la elaboraci\u00f3n de nuestros cava, un brut nature que destaca por su sencilleza de intentar hacer un cava artesanal, aprovechando la modernidad y la nueva maquinaria.<\/p>\n<p>Destacamos las variedades aut\u00f3ctonas como el xarel.lo , parellada y macabeu.<\/p>\n<p>Para elaborar un cava natural sin aditivos que el consumidor destaca por su cualidad.<\/p>\n<p>Sencillamente y hablando claro no le ponemos licor de expedici\u00f3n, al ser un brut nature, cuando se hace el \u00abdegorge\u00bb se rellena la botellas con el mismo cava.<\/p>\n<p>De hecho la elaboraci\u00f3n del cava es un porceso lleno de cambios i de emociones.<\/p>\n","protected":false},"featured_media":989,"comment_status":"open","ping_status":"closed","template":"","meta":[],"product_brand":[],"product_cat":[93,88],"product_tag":[],"class_list":{"0":"post-988","1":"product","2":"type-product","3":"status-publish","4":"has-post-thumbnail","6":"product_cat-cava-piteus-es","7":"product_cat-cavas-es","9":"first","10":"instock","11":"shipping-taxable","12":"purchasable","13":"product-type-simple"},"jetpack_sharing_enabled":true,"tiered_pricing_type":"fixed","tiered_pricing_fixed_rules":[],"tiered_pricing_product_settings":{"layout":"default","base_unit_name":{"singular":null,"plural":null},"default_variation":null},"tiered_pricing_minimum_quantity":null,"tiered_pricing_roles_data":[],"tiered_pricing_percentage_rules":[],"_links":{"self":[{"href":"https:\/\/canpaletpiteus.com\/es\/wp-json\/wp\/v2\/product\/988","targetHints":{"allow":["GET"]}}],"collection":[{"href":"https:\/\/canpaletpiteus.com\/es\/wp-json\/wp\/v2\/product"}],"about":[{"href":"https:\/\/canpaletpiteus.com\/es\/wp-json\/wp\/v2\/types\/product"}],"replies":[{"embeddable":true,"href":"https:\/\/canpaletpiteus.com\/es\/wp-json\/wp\/v2\/comments?post=988"}],"wp:featuredmedia":[{"embeddable":true,"href":"https:\/\/canpaletpiteus.com\/es\/wp-json\/wp\/v2\/media\/989"}],"wp:attachment":[{"href":"https:\/\/canpaletpiteus.com\/es\/wp-json\/wp\/v2\/media?parent=988"}],"wp:term":[{"taxonomy":"product_brand","embeddable":true,"href":"https:\/\/canpaletpiteus.com\/es\/wp-json\/wp\/v2\/product_brand?post=988"},{"taxonomy":"product_cat","embeddable":true,"href":"https:\/\/canpaletpiteus.com\/es\/wp-json\/wp\/v2\/product_cat?post=988"},{"taxonomy":"product_tag","embeddable":true,"href":"https:\/\/canpaletpiteus.com\/es\/wp-json\/wp\/v2\/product_tag?post=988"}],"curies":[{"name":"wp","href":"https:\/\/api.w.org\/{rel}","templated":true}]}}