{"id":990,"date":"2019-03-27T13:29:57","date_gmt":"2019-03-27T12:29:57","guid":{"rendered":"https:\/\/canpaletpiteus.com\/product\/vermut-blanc-piteus\/"},"modified":"2019-08-20T12:27:56","modified_gmt":"2019-08-20T10:27:56","slug":"vermut-blanco-piteus","status":"publish","type":"product","link":"https:\/\/canpaletpiteus.com\/es\/product\/vermut-blanco-piteus\/","title":{"rendered":"Vermut blanco Piteus"},"content":{"rendered":"<p>El vermut blanco Piteus tiene una maceraci\u00f3n con hierbas arom\u00e1ticas y con pieles de diferentes c\u00edtricos, al final des esta maceraci\u00f3n se le a\u00f1ade un poco de mistela especial para este vermut.\n<\/p>\n<p><strong>Color:<br \/>\n<\/strong>Blanco dorado<\/p>\n<p><strong>Aroma:<br \/>\n<\/strong>Hierbas arom\u00e1ticas, c\u00edtricos, intenso.<\/p>\n<p><strong>Cata:<br \/>\n<\/strong>Untuoso, redondo, elegante, con personalidad.<\/p>\n<p>Envejecido en barrica.<\/p>\n<p><strong>Graduaci\u00f3n:<br \/>\n<\/strong>15 % vol.<\/p>\n<p><strong>Temperatura de servicio:<\/strong><br \/>\nEntre 8 \u00baC i 10 \u00baC<\/p>\n","protected":false},"excerpt":{"rendered":"<p>El vermut blanco Piteus tiene una maceraci\u00f3n con hierbas arom\u00e1ticas y con pieles de diferentes c\u00edtricos.<\/p>\n","protected":false},"featured_media":4505,"comment_status":"open","ping_status":"closed","template":"","meta":[],"product_brand":[],"product_cat":[89,94],"product_tag":[],"class_list":{"0":"post-990","1":"product","2":"type-product","3":"status-publish","4":"has-post-thumbnail","6":"product_cat-vermut-es","7":"product_cat-vermut-blanco","9":"first","10":"instock","11":"shipping-taxable","12":"purchasable","13":"product-type-simple"},"jetpack_sharing_enabled":true,"tiered_pricing_type":"fixed","tiered_pricing_fixed_rules":[],"tiered_pricing_product_settings":{"layout":"default","base_unit_name":{"singular":null,"plural":null},"default_variation":null},"tiered_pricing_minimum_quantity":null,"tiered_pricing_roles_data":[],"tiered_pricing_percentage_rules":[],"_links":{"self":[{"href":"https:\/\/canpaletpiteus.com\/es\/wp-json\/wp\/v2\/product\/990","targetHints":{"allow":["GET"]}}],"collection":[{"href":"https:\/\/canpaletpiteus.com\/es\/wp-json\/wp\/v2\/product"}],"about":[{"href":"https:\/\/canpaletpiteus.com\/es\/wp-json\/wp\/v2\/types\/product"}],"replies":[{"embeddable":true,"href":"https:\/\/canpaletpiteus.com\/es\/wp-json\/wp\/v2\/comments?post=990"}],"wp:featuredmedia":[{"embeddable":true,"href":"https:\/\/canpaletpiteus.com\/es\/wp-json\/wp\/v2\/media\/4505"}],"wp:attachment":[{"href":"https:\/\/canpaletpiteus.com\/es\/wp-json\/wp\/v2\/media?parent=990"}],"wp:term":[{"taxonomy":"product_brand","embeddable":true,"href":"https:\/\/canpaletpiteus.com\/es\/wp-json\/wp\/v2\/product_brand?post=990"},{"taxonomy":"product_cat","embeddable":true,"href":"https:\/\/canpaletpiteus.com\/es\/wp-json\/wp\/v2\/product_cat?post=990"},{"taxonomy":"product_tag","embeddable":true,"href":"https:\/\/canpaletpiteus.com\/es\/wp-json\/wp\/v2\/product_tag?post=990"}],"curies":[{"name":"wp","href":"https:\/\/api.w.org\/{rel}","templated":true}]}}