{"id":992,"date":"2013-08-10T10:26:25","date_gmt":"2013-08-10T08:26:25","guid":{"rendered":"https:\/\/canpaletpiteus.com\/product\/vermut-piteus\/"},"modified":"2019-08-20T12:27:01","modified_gmt":"2019-08-20T10:27:01","slug":"vermut-piteus","status":"publish","type":"product","link":"https:\/\/canpaletpiteus.com\/es\/product\/vermut-piteus\/","title":{"rendered":"Vermut Piteus"},"content":{"rendered":"<p>Nuestro Vermut Piteus es un homenaje al vermut tradicional que se consum\u00eda despu\u00e9s de ir a misa los domingos, de manera Familiar y con Amigos.<\/p>\n<p>Se elabora con uva de varietad Xarel.lo y Macabeo de vi\u00f1as propias.<\/p>\n<p>Una vez tenemos el vino Elaborado, dejamos pasar el invierno y se junta el az\u00facar y una mezcla de hierbas, despu\u00e9s pasar\u00e1 a reposar en barricas donde se afiniar\u00e1 con el tiempo.<\/p>\n<p><strong>Aromes<\/strong> a clavo y especies dulces como la canela. Fondo de fruta dulce.<\/p>\n<p>Boca cremosa y fresca con un paso final que recuerda las hierbas ligeramente amargas.<\/p>\n<p>Embotellado a la propietad.<\/p>\n<p><strong>Graduaci\u00f3n<\/strong> 15% vol.<\/p>\n<p><strong>Temperatura de servicio<br \/>\n<\/strong><br \/>\nEntre 8 \u00baC i 10 \u00baC<\/p>\n","protected":false},"excerpt":{"rendered":"<p>Nuestro Vermut Piteus es un homenaje al vermut tradicional que se consum\u00eda despu\u00e9s de ir a misa los domingos, de manera Familiar y con Amigos.<\/p>\n","protected":false},"featured_media":4324,"comment_status":"open","ping_status":"closed","template":"","meta":[],"product_brand":[],"product_cat":[89,95],"product_tag":[],"class_list":{"0":"post-992","1":"product","2":"type-product","3":"status-publish","4":"has-post-thumbnail","6":"product_cat-vermut-es","7":"product_cat-vermut-tinto","9":"first","10":"instock","11":"shipping-taxable","12":"purchasable","13":"product-type-simple"},"jetpack_sharing_enabled":true,"tiered_pricing_type":"fixed","tiered_pricing_fixed_rules":[],"tiered_pricing_product_settings":{"layout":"default","base_unit_name":{"singular":null,"plural":null},"default_variation":null},"tiered_pricing_minimum_quantity":null,"tiered_pricing_roles_data":[],"tiered_pricing_percentage_rules":[],"_links":{"self":[{"href":"https:\/\/canpaletpiteus.com\/es\/wp-json\/wp\/v2\/product\/992","targetHints":{"allow":["GET"]}}],"collection":[{"href":"https:\/\/canpaletpiteus.com\/es\/wp-json\/wp\/v2\/product"}],"about":[{"href":"https:\/\/canpaletpiteus.com\/es\/wp-json\/wp\/v2\/types\/product"}],"replies":[{"embeddable":true,"href":"https:\/\/canpaletpiteus.com\/es\/wp-json\/wp\/v2\/comments?post=992"}],"wp:featuredmedia":[{"embeddable":true,"href":"https:\/\/canpaletpiteus.com\/es\/wp-json\/wp\/v2\/media\/4324"}],"wp:attachment":[{"href":"https:\/\/canpaletpiteus.com\/es\/wp-json\/wp\/v2\/media?parent=992"}],"wp:term":[{"taxonomy":"product_brand","embeddable":true,"href":"https:\/\/canpaletpiteus.com\/es\/wp-json\/wp\/v2\/product_brand?post=992"},{"taxonomy":"product_cat","embeddable":true,"href":"https:\/\/canpaletpiteus.com\/es\/wp-json\/wp\/v2\/product_cat?post=992"},{"taxonomy":"product_tag","embeddable":true,"href":"https:\/\/canpaletpiteus.com\/es\/wp-json\/wp\/v2\/product_tag?post=992"}],"curies":[{"name":"wp","href":"https:\/\/api.w.org\/{rel}","templated":true}]}}